{"id":10094,"date":"2021-05-05T18:52:58","date_gmt":"2021-05-05T16:52:58","guid":{"rendered":"http:\/\/shimclinic.es\/?page_id=10094"},"modified":"2025-11-20T17:41:29","modified_gmt":"2025-11-20T16:41:29","slug":"el-equipo","status":"publish","type":"page","link":"http:\/\/18.198.46.52\/fr\/el-equipo\/","title":{"rendered":"L'\u00c9QUIPE"},"content":{"rendered":"<div class=\"vc_row wpb_row vc_row-fluid\"><div class=\"wpb_column vc_column_container vc_col-sm-12\"><div class=\"vc_column-inner\"><div class=\"wpb_wrapper\">\n\t<div class=\"wpb_text_column wpb_content_element\" >\n\t\t<div class=\"wpb_wrapper\">\n\t\t\t<p>Chez Shim Cl\u00ednic, vous aurez la s\u00e9curit\u00e9 d'\u00eatre entre les mains de professionnels comp\u00e9tents et experts.<\/p>\n<p>Nuestras se\u00f1as de identidad: El trato diferenciado y personalizado que comienza con un diagn\u00f3stico espec\u00edfico de las necesidades de cada paciente y el saber que los m\u00e9dicos siempre van a estar ah\u00ed ante cualquier duda<strong>.<\/strong><\/p>\n<h2 class=\"wp-block-heading\"><strong>DR. YISEL GALLARDO MEDINA<\/strong><\/h2>\n<figure class=\"wp-block-image size-large is-resized\"><img loading=\"lazy\" decoding=\"async\" width=\"768\" height=\"1024\" class=\"wp-image-10160\" style=\"width: 426px; height: 567px;\" src=\"http:\/\/shimclinic.es\/wp-content\/uploads\/2022\/05\/17f15589-c738-4264-a8a4-3538c8095e39.jpg\" alt=\"\" srcset=\"http:\/\/18.198.46.52\/wp-content\/uploads\/2022\/05\/17f15589-c738-4264-a8a4-3538c8095e39.jpg 768w, http:\/\/18.198.46.52\/wp-content\/uploads\/2022\/05\/17f15589-c738-4264-a8a4-3538c8095e39-225x300.jpg 225w\" sizes=\"(max-width: 768px) 100vw, 768px\" \/><figcaption class=\"wp-element-caption\"><strong>Cardiologue. Master en m\u00e9decine esth\u00e9tique et nutrition et di\u00e9t\u00e9tique.<\/strong><\/figcaption><\/figure>\n<p class=\"has-text-align-center\">Formations ALMA LASER : SOPRANO TITANIUM, ACCENT PRIME, HARMONY XLPRO ET PIXEL CO2 FEMILIFT. Formations IRRADIA : VENUSIAM CO2, VECTRA H2 ET LASERMAR 1500.<\/p>\n<div class=\"wp-block-spacer\" style=\"height: 60px;\" aria-hidden=\"true\">\u00a0<\/div>\n<h2 class=\"wp-block-heading\"><strong>DR. JOS\u00c9 J. GUERRERO<\/strong><\/h2>\n<figure class=\"wp-block-image size-full is-resized\"><img loading=\"lazy\" decoding=\"async\" width=\"563\" height=\"854\" class=\"wp-image-10600\" style=\"width: 403px; height: auto;\" src=\"http:\/\/shimclinic.es\/wp-content\/uploads\/2024\/05\/Foto-Jota-1-563x1024-1.png\" alt=\"\" srcset=\"http:\/\/18.198.46.52\/wp-content\/uploads\/2024\/05\/Foto-Jota-1-563x1024-1.png 563w, http:\/\/18.198.46.52\/wp-content\/uploads\/2024\/05\/Foto-Jota-1-563x1024-1-198x300.png 198w, http:\/\/18.198.46.52\/wp-content\/uploads\/2024\/05\/Foto-Jota-1-563x1024-1-8x12.png 8w\" sizes=\"(max-width: 563px) 100vw, 563px\" \/><\/figure>\n<p><strong>Licenciado en Medicina y M\u00e1ster en Medicina Est\u00e9tica<\/strong>\u00a0por la Universidad de M\u00c1LAGA.<\/p>\n<p>Cursos y formaci\u00f3n en:<\/p>\n<p>Nutrici\u00f3n y Diet\u00e9tica, rellenos faciales y corporales, tratamiento de la adiposidad y la celulitis, l\u00e1ser y otras t\u00e9cnicas lum\u00ednicas, tricolog\u00eda, Toxina botul\u00ednica, hilos tensores, materiales productores de col\u00e1geno, carboxiterapia, terapias de medicina est\u00e9tica \u00edntima, diagn\u00f3stico y tratamiento de lesiones vasculares\u2026<\/p>\n<div class=\"wp-block-spacer\" style=\"height: 59px;\" aria-hidden=\"true\">\u00a0<\/div>\n<h2 class=\"wp-block-heading\"><strong>DR. ALEJANDRO MART\u00cdNEZ GALINDO<\/strong><\/h2>\n<figure class=\"wp-block-image size-large is-resized\"><img loading=\"lazy\" decoding=\"async\" width=\"757\" height=\"1024\" class=\"wp-image-10426\" style=\"width: 425px; height: 576px;\" src=\"http:\/\/shimclinic.es\/wp-content\/uploads\/2023\/10\/Foto-Alejndro-757x1024.jpg\" alt=\"\" srcset=\"http:\/\/18.198.46.52\/wp-content\/uploads\/2023\/10\/Foto-Alejndro-757x1024.jpg 757w, http:\/\/18.198.46.52\/wp-content\/uploads\/2023\/10\/Foto-Alejndro-222x300.jpg 222w, http:\/\/18.198.46.52\/wp-content\/uploads\/2023\/10\/Foto-Alejndro-768x1039.jpg 768w, http:\/\/18.198.46.52\/wp-content\/uploads\/2023\/10\/Foto-Alejndro-1135x1536.jpg 1135w, http:\/\/18.198.46.52\/wp-content\/uploads\/2023\/10\/Foto-Alejndro-9x12.jpg 9w, http:\/\/18.198.46.52\/wp-content\/uploads\/2023\/10\/Foto-Alejndro.jpg 1225w\" sizes=\"(max-width: 757px) 100vw, 757px\" \/><\/figure>\n<p><strong>Licenciado en Medicina y M\u00e1ster en Medicina Est\u00e9tica<\/strong> por la Universidad de C\u00f3rdoba. Con m\u00e1s de veinte a\u00f1os de experiencia en esta especialidad.<\/p>\n<p>Cursos y formaci\u00f3n, entre otros,:<\/p>\n<p>Dermatolog\u00eda aplicada a la Medicina Est\u00e9tica (implantes, aplicaci\u00f3n de toxina botul\u00ednica, mesoterapias\u2026), L\u00e1ser, IPL, Radiofrecuencia aplicados a la Medicina Est\u00e9tica. Antienvejecimiento, longevidad y salud. Endocrinolog\u00eda, metabolismo y nutrici\u00f3n. Tratamientos Biom\u00e9dicos en Medicina Est\u00e9tica. Urgencias, emergencias y anestesia en Medicina Est\u00e9tica. Fundamentos de patolog\u00eda vascular y linf\u00e1tica en Medicina Est\u00e9tica. Patolog\u00eda quir\u00fargica del tejido adiposo y cirug\u00eda menor en Medicina Est\u00e9tica.Fundamentos m\u00e9dicos y biol\u00f3gicos de inter\u00e9s y aplicaci\u00f3n en Medicina Est\u00e9tica.<\/p>\n<div class=\"wp-block-spacer\" style=\"height: 61px;\" aria-hidden=\"true\">\u00a0<\/div>\n<h2 class=\"wp-block-heading\"><strong>DR. VICENTE DI\u00c9GUEZ SALINAS<\/strong><\/h2>\n<figure class=\"wp-block-image size-large is-resized\"><img loading=\"lazy\" decoding=\"async\" width=\"553\" height=\"1024\" class=\"wp-image-10640\" style=\"width: 542px; height: auto;\" src=\"http:\/\/shimclinic.es\/wp-content\/uploads\/2024\/05\/FOTO-VICENTE-553x1024.jpg\" alt=\"\" srcset=\"http:\/\/18.198.46.52\/wp-content\/uploads\/2024\/05\/FOTO-VICENTE-553x1024.jpg 553w, http:\/\/18.198.46.52\/wp-content\/uploads\/2024\/05\/FOTO-VICENTE-162x300.jpg 162w, http:\/\/18.198.46.52\/wp-content\/uploads\/2024\/05\/FOTO-VICENTE-768x1423.jpg 768w, http:\/\/18.198.46.52\/wp-content\/uploads\/2024\/05\/FOTO-VICENTE-829x1536.jpg 829w, http:\/\/18.198.46.52\/wp-content\/uploads\/2024\/05\/FOTO-VICENTE-6x12.jpg 6w, http:\/\/18.198.46.52\/wp-content\/uploads\/2024\/05\/FOTO-VICENTE.jpg 990w\" sizes=\"(max-width: 553px) 100vw, 553px\" \/><figcaption class=\"wp-element-caption\"><strong>M\u00e9dico y Cirujano con la especialidad de UROLOG\u00cdA<\/strong><\/figcaption><\/figure>\n<div class=\"wp-block-spacer\" style=\"height: 60px;\" aria-hidden=\"true\">\u00a0<\/div>\n<div class=\"wp-block-spacer\" style=\"height: 60px;\" aria-hidden=\"true\">\u00a0<\/div>\n<h2 class=\"wp-block-heading\"><strong>DR. IMANE ESSAROUCK<\/strong><\/h2>\n<figure class=\"wp-block-image size-large is-resized\"><img loading=\"lazy\" decoding=\"async\" width=\"756\" height=\"1024\" class=\"wp-image-10162\" style=\"width: 387px; height: 523px;\" src=\"http:\/\/shimclinic.es\/wp-content\/uploads\/2022\/05\/IMG_4704-756x1024.jpg\" alt=\"\" srcset=\"http:\/\/18.198.46.52\/wp-content\/uploads\/2022\/05\/IMG_4704-756x1024.jpg 756w, http:\/\/18.198.46.52\/wp-content\/uploads\/2022\/05\/IMG_4704-222x300.jpg 222w, http:\/\/18.198.46.52\/wp-content\/uploads\/2022\/05\/IMG_4704-768x1040.jpg 768w, http:\/\/18.198.46.52\/wp-content\/uploads\/2022\/05\/IMG_4704-1134x1536.jpg 1134w, http:\/\/18.198.46.52\/wp-content\/uploads\/2022\/05\/IMG_4704.jpg 1274w\" sizes=\"(max-width: 756px) 100vw, 756px\" \/><figcaption class=\"wp-element-caption\"><span class=\"has-inline-color has-black-color\" style=\"background-color: rgba(0, 0, 0, 0);\"><strong>M\u00e9decin sp\u00e9cialiste en gyn\u00e9cologie et obst\u00e9trique.<\/strong><\/span><\/figcaption><\/figure>\n<p class=\"has-text-align-center\">Master en Gyn\u00e9cologie Esth\u00e9tique et R\u00e9g\u00e9n\u00e9rative. Membre national du plancher pelvien. Expert en laser gyn\u00e9cologique. Formation ALMA LASER M\u00c9DICA : PIXEL CO2 FEMILIFT.<\/p>\n<div class=\"wp-block-spacer\" style=\"height: 60px;\" aria-hidden=\"true\">\u00a0<\/div>\n<div class=\"wp-block-spacer\" style=\"height: 0px;\" aria-hidden=\"true\">\u00a0<\/div>\n<h2 class=\"wp-block-heading\"><strong>DR. JOS\u00c9 S\u00c1NCHEZ JORD\u00c1N<\/strong><\/h2>\n<figure class=\"wp-block-image size-large is-resized\"><img loading=\"lazy\" decoding=\"async\" width=\"768\" height=\"1024\" class=\"wp-image-10203\" style=\"width: 439px; height: 585px;\" src=\"http:\/\/shimclinic.es\/wp-content\/uploads\/2022\/05\/IMG_545763341-768x1024.jpg\" alt=\"\" srcset=\"http:\/\/18.198.46.52\/wp-content\/uploads\/2022\/05\/IMG_545763341-768x1024.jpg 768w, http:\/\/18.198.46.52\/wp-content\/uploads\/2022\/05\/IMG_545763341-225x300.jpg 225w, http:\/\/18.198.46.52\/wp-content\/uploads\/2022\/05\/IMG_545763341-1152x1536.jpg 1152w, http:\/\/18.198.46.52\/wp-content\/uploads\/2022\/05\/IMG_545763341.jpg 1536w\" sizes=\"(max-width: 768px) 100vw, 768px\" \/><figcaption class=\"wp-element-caption\"><strong>M\u00e9decin sp\u00e9cialiste en gyn\u00e9cologie et obst\u00e9trique<\/strong><\/figcaption><\/figure>\n<p class=\"has-text-align-center\">Experto en L\u00e1ser Ginecol\u00f3gico por la SEGO. Fundador y primer Presidente de la Secci\u00f3n Andaluza de Suelo P\u00e9lvico. Presidente del comit\u00e9 organizador del III Congreso Nacional de Suelo P\u00e9lvico. Miembro y Ponente de la Sociedad Espa\u00f1ola de Ginecolog\u00eda Est\u00e9tica, Regenerativa y Funcional (SEGERF) Curso de formaci\u00f3n ALMA L\u00c1SER M\u00c9DICA : PIXEL CO2 FEMILIFT.<\/p>\n<div class=\"wp-block-spacer\" style=\"height: 60px;\" aria-hidden=\"true\">\u00a0<\/div>\n<h2 class=\"wp-block-heading\">DR. <strong>LUIS ROBERTO TRIVELLINI<\/strong><\/h2>\n<figure class=\"wp-block-image size-large is-resized\"><img loading=\"lazy\" decoding=\"async\" width=\"899\" height=\"1024\" class=\"wp-image-10309\" style=\"width: 445px; height: 507px;\" src=\"http:\/\/shimclinic.es\/wp-content\/uploads\/2023\/02\/ROBERTO-899x1024.jpg\" alt=\"\" srcset=\"http:\/\/18.198.46.52\/wp-content\/uploads\/2023\/02\/ROBERTO-899x1024.jpg 899w, http:\/\/18.198.46.52\/wp-content\/uploads\/2023\/02\/ROBERTO-263x300.jpg 263w, http:\/\/18.198.46.52\/wp-content\/uploads\/2023\/02\/ROBERTO-768x875.jpg 768w, http:\/\/18.198.46.52\/wp-content\/uploads\/2023\/02\/ROBERTO.jpg 1196w\" sizes=\"(max-width: 899px) 100vw, 899px\" \/><figcaption class=\"wp-element-caption\"><strong>Sp\u00e9cialiste en Chirurgie Plastique et Esth\u00e9tique<\/strong><\/figcaption><\/figure>\n<p class=\"has-text-align-center\">Chirurgien Plasticien DEPUIS 1986 Cr\u00e9ateur de l'appareil, de la fonction, du poin\u00e7on et de la technique pour faire de la FUE avec des cheveux longs. Fondateur et pr\u00e9sident de la Soci\u00e9t\u00e9 paraguayenne de restauration capillaire et de chirurgie. Membre de la Soci\u00e9t\u00e9 paraguayenne de chirurgie plastique et reconstructrice.<\/p>\n<div class=\"wp-block-spacer\" style=\"height: 60px;\" aria-hidden=\"true\">\u00a0<\/div>\n<h2 class=\"wp-block-heading\"><strong>DR. TERESA HERN\u00c1NDEZ CARBONELL<\/strong><\/h2>\n<figure class=\"wp-block-image size-large is-resized\"><img loading=\"lazy\" decoding=\"async\" width=\"804\" height=\"804\" class=\"wp-image-10167\" style=\"width: 411px; height: 411px;\" src=\"http:\/\/shimclinic.es\/wp-content\/uploads\/2022\/05\/IMG_4629.jpg\" alt=\"\" srcset=\"http:\/\/18.198.46.52\/wp-content\/uploads\/2022\/05\/IMG_4629.jpg 804w, http:\/\/18.198.46.52\/wp-content\/uploads\/2022\/05\/IMG_4629-300x300.jpg 300w, http:\/\/18.198.46.52\/wp-content\/uploads\/2022\/05\/IMG_4629-150x150.jpg 150w, http:\/\/18.198.46.52\/wp-content\/uploads\/2022\/05\/IMG_4629-768x768.jpg 768w\" sizes=\"(max-width: 804px) 100vw, 804px\" \/><figcaption class=\"wp-element-caption\"><strong>ANGIOLOGUE ET CHIRURGIEN VASCULAIRE<\/strong><\/figcaption><\/figure>\n<p class=\"has-text-align-center\">Il est membre des Soci\u00e9t\u00e9s Europ\u00e9enne et Espagnole d'Angiologie et de Chirurgie Vasculaire, et de leur chapitre Endovasculaire, Veineux et Lymphatique.\u00a0<\/p>\n<div class=\"wp-block-spacer\" style=\"height: 60px;\" aria-hidden=\"true\">\u00a0<\/div>\n<h2 class=\"wp-block-heading\"><strong>DR. RUB\u00c9N RODR\u00cdGUEZ CARVAJAL<\/strong><\/h2>\n<figure class=\"wp-block-image size-large is-resized\"><img loading=\"lazy\" decoding=\"async\" width=\"610\" height=\"1024\" class=\"wp-image-10466\" style=\"aspect-ratio: 0.595703125; width: 411px; height: auto;\" src=\"http:\/\/shimclinic.es\/wp-content\/uploads\/2024\/04\/Ruben-610x1024.jpg\" alt=\"\" srcset=\"http:\/\/18.198.46.52\/wp-content\/uploads\/2024\/04\/Ruben-610x1024.jpg 610w, http:\/\/18.198.46.52\/wp-content\/uploads\/2024\/04\/Ruben-179x300.jpg 179w, http:\/\/18.198.46.52\/wp-content\/uploads\/2024\/04\/Ruben-768x1288.jpg 768w, http:\/\/18.198.46.52\/wp-content\/uploads\/2024\/04\/Ruben-7x12.jpg 7w, http:\/\/18.198.46.52\/wp-content\/uploads\/2024\/04\/Ruben.jpg 769w\" sizes=\"(max-width: 610px) 100vw, 610px\" \/><\/figure>\n<p><strong>ANGI\u00d3LOGO Y CIRUJANO VASCULAR<\/strong><\/p>\n<p>Director y fundador de Grupo IVEI Vascular. Director M\u00e9dico de IVEI Cl\u00ednica Vascular Marbella. Miembro numerario de las Sociedades Andaluza, Espa\u00f1ola y Europea de Angiolog\u00eda y Cirug\u00eda Vascular. Miembro de la Junta Directiva del cap\u00edtulo de Flebolog\u00eda y Linfolog\u00eda como vocal de medicina privada.<\/p>\n<p>&nbsp;<\/p>\n<h2 class=\"wp-block-heading\"><strong>DRA. ROC\u00cdO LAINEZ RUBE<\/strong><\/h2>\n<p><strong><img loading=\"lazy\" decoding=\"async\" class=\"alignnone wp-image-10709\" src=\"http:\/\/shimclinic.es\/wp-content\/uploads\/2025\/11\/ROCIO-203x300.jpg\" alt=\"\" width=\"393\" height=\"581\" srcset=\"http:\/\/18.198.46.52\/wp-content\/uploads\/2025\/11\/ROCIO-203x300.jpg 203w, http:\/\/18.198.46.52\/wp-content\/uploads\/2025\/11\/ROCIO-693x1024.jpg 693w, http:\/\/18.198.46.52\/wp-content\/uploads\/2025\/11\/ROCIO-768x1135.jpg 768w, http:\/\/18.198.46.52\/wp-content\/uploads\/2025\/11\/ROCIO-1040x1536.jpg 1040w, http:\/\/18.198.46.52\/wp-content\/uploads\/2025\/11\/ROCIO-8x12.jpg 8w, http:\/\/18.198.46.52\/wp-content\/uploads\/2025\/11\/ROCIO.jpg 1290w\" sizes=\"(max-width: 393px) 100vw, 393px\" \/><\/strong><\/p>\n<p><strong>ANGI\u00d3LOGA Y CIRUJANA VASCULAR Y ENDOVASCULAR<\/strong><\/p>\n<p>Miembro numerario de las Sociedades Andaluza, Espa\u00f1ola y Europea de Angiolog\u00eda y Cirug\u00eda Vascular.<\/p>\n<p>Trata patolog\u00edas como varices, varices p\u00e9lvicas, aneurismas, pie diab\u00e9tico, etc. \u00a0<\/p>\n<p>Realiza t\u00e9cnicas modernas de tratamiento vascular: tratamiento de varices sin cirug\u00eda (esclerosis con microespuma, ablaci\u00f3n endovenosa, radiofrecuencia), cirug\u00eda arterial de vanguardia.<\/p>\n<h2>\u00a0<\/h2>\n<h2><strong>DR. JOHN J. G\u00d3MEZ P\u00c9REZ<\/strong><\/h2>\n<figure class=\"wp-block-image size-large is-resized\"><img loading=\"lazy\" decoding=\"async\" width=\"746\" height=\"1024\" class=\"wp-image-10633\" style=\"width: 415px; height: auto;\" src=\"http:\/\/shimclinic.es\/wp-content\/uploads\/2024\/05\/foto-JHON-746x1024.jpg\" alt=\"\" srcset=\"http:\/\/18.198.46.52\/wp-content\/uploads\/2024\/05\/foto-JHON-746x1024.jpg 746w, http:\/\/18.198.46.52\/wp-content\/uploads\/2024\/05\/foto-JHON-218x300.jpg 218w, http:\/\/18.198.46.52\/wp-content\/uploads\/2024\/05\/foto-JHON-768x1055.jpg 768w, http:\/\/18.198.46.52\/wp-content\/uploads\/2024\/05\/foto-JHON-1119x1536.jpg 1119w, http:\/\/18.198.46.52\/wp-content\/uploads\/2024\/05\/foto-JHON-1491x2048.jpg 1491w, http:\/\/18.198.46.52\/wp-content\/uploads\/2024\/05\/foto-JHON-9x12.jpg 9w, http:\/\/18.198.46.52\/wp-content\/uploads\/2024\/05\/foto-JHON-scaled.jpg 1864w\" sizes=\"(max-width: 746px) 100vw, 746px\" \/><\/figure>\n<p><strong>M\u00c9DICO Y CIRUJANO CON LA ESPECIALIDAD DE NEFROLOG\u00cdA <\/strong><\/p>\n<p><strong>Y M\u00c1STER UNIVERSITARIO EN TRASPLANTE Y MEDICINA CAPILAR<\/strong><\/p>\n<p>M\u00e1ster en Trasplante y Medicina Capilar, Universidad de Alcal\u00e1, Madrid.<\/p>\n<p>Especialista en Nefrolog\u00eda, Hospital Universitario Reina Sof\u00eda, C\u00f3rdoba.<\/p>\n<p>M\u00e1ster en Investigaci\u00f3n Biom\u00e9dica Traslacional, Facultad de Medicina Universidad de C\u00f3rdoba.<\/p>\n<p>M\u00e1ster en Hemodi\u00e1lisis para especialistas en Nefrolog\u00eda, Universidad Complutense de Madrid.<\/p>\n<p><!-- \/wp:paragraph --><\/p>\n<p><!-- wp:spacer {\"height\":\"59px\"} --><!-- \/wp:spacer --><\/p>\n<p><!-- wp:heading --><\/p>\n<h2>\u00a0<\/h2>\n<h2 class=\"wp-block-heading\"><strong>NATALIA RODR\u00cdGUEZ CONTRERAS<\/strong>.<\/h2>\n<p><!-- \/wp:heading --><\/p>\n<p><!-- wp:image {\"id\":10284,\"width\":\"385px\",\"height\":\"541px\",\"sizeSlug\":\"large\"} --><\/p>\n<figure class=\"wp-block-image size-large is-resized\"><img loading=\"lazy\" decoding=\"async\" width=\"727\" height=\"1024\" class=\"wp-image-10284\" style=\"width: 385px; height: 541px;\" src=\"http:\/\/shimclinic.es\/wp-content\/uploads\/2022\/06\/natalia-foto-definitiva-727x1024.jpg\" alt=\"\" srcset=\"http:\/\/18.198.46.52\/wp-content\/uploads\/2022\/06\/natalia-foto-definitiva-727x1024.jpg 727w, http:\/\/18.198.46.52\/wp-content\/uploads\/2022\/06\/natalia-foto-definitiva-213x300.jpg 213w, http:\/\/18.198.46.52\/wp-content\/uploads\/2022\/06\/natalia-foto-definitiva-768x1082.jpg 768w, http:\/\/18.198.46.52\/wp-content\/uploads\/2022\/06\/natalia-foto-definitiva-1091x1536.jpg 1091w, http:\/\/18.198.46.52\/wp-content\/uploads\/2022\/06\/natalia-foto-definitiva.jpg 1454w\" sizes=\"(max-width: 727px) 100vw, 727px\" \/><figcaption class=\"wp-element-caption\"><strong>T\u00c9CNICO IMAGEN PERSONAL<\/strong><\/figcaption><\/figure>\n<p><!-- \/wp:image --><\/p>\n<p><!-- wp:paragraph --><!-- \/wp:paragraph --><\/p>\n<p><!-- wp:paragraph {\"align\":\"center\"} --><\/p>\n<p class=\"has-text-align-center\">Formations Alma Laser M\u00e9dica : Stage Radiofr\u00e9quence et Ultrasons d'ACCENT PRIME, HARMONY XLPRO et Stage Epilation Laser avec SOPRANO TITANIUM. Formations IRRADIA : Stimulation musculaire \u00e9lectromagn\u00e9tique de SLIM UP ET Analyse faciale avec VECTRA H2.<\/p>\n<p><!-- \/wp:paragraph --><\/p>\n<p><!-- wp:spacer {\"height\":\"61px\"} --><\/p>\n<div class=\"wp-block-spacer\" style=\"height: 61px;\" aria-hidden=\"true\">\u00a0<\/div>\n<p><!-- \/wp:spacer --><\/p>\n<p><!-- wp:heading --><\/p>\n<h2 class=\"wp-block-heading\"><strong>\u00c1GUEDA MAR\u00cdN SORIANO<\/strong><\/h2>\n<p><!-- \/wp:heading --><\/p>\n<p><!-- wp:image {\"id\":10317,\"width\":\"419px\",\"height\":\"454px\",\"sizeSlug\":\"large\"} --><\/p>\n<figure class=\"wp-block-image size-large is-resized\"><img loading=\"lazy\" decoding=\"async\" width=\"943\" height=\"1024\" class=\"wp-image-10317\" style=\"width: 419px; height: 454px;\" src=\"http:\/\/shimclinic.es\/wp-content\/uploads\/2023\/02\/AGUEDA-943x1024.jpg\" alt=\"\" srcset=\"http:\/\/18.198.46.52\/wp-content\/uploads\/2023\/02\/AGUEDA-943x1024.jpg 943w, http:\/\/18.198.46.52\/wp-content\/uploads\/2023\/02\/AGUEDA-276x300.jpg 276w, http:\/\/18.198.46.52\/wp-content\/uploads\/2023\/02\/AGUEDA-768x834.jpg 768w, http:\/\/18.198.46.52\/wp-content\/uploads\/2023\/02\/AGUEDA-1415x1536.jpg 1415w, http:\/\/18.198.46.52\/wp-content\/uploads\/2023\/02\/AGUEDA-1887x2048.jpg 1887w\" sizes=\"(max-width: 943px) 100vw, 943px\" \/><figcaption class=\"wp-element-caption\"><strong>GRADUADA EN ENFERMER\u00cdA<\/strong><\/figcaption><\/figure>\n<p><!-- \/wp:image --><\/p>\n<p><!-- wp:paragraph {\"align\":\"center\"} --><\/p>\n<p class=\"has-text-align-center\">Infirmi\u00e8re et technicienne sup\u00e9rieure en imagerie diagnostique. Formations : Soins en pathologies gyn\u00e9cologiques et m\u00e9nopause, Principes de base de l'anesth\u00e9sie, Fondamentaux des soins infirmiers chirurgicaux, Unit\u00e9s pr\u00e9 et post chirurgicales, Pharmacologie de l'anesth\u00e9sie, RCR et gestion des d\u00e9fibrillateurs...<\/p>\n<p><!-- \/wp:paragraph --><\/p>\n<p><!-- wp:spacer {\"height\":\"61px\"} --><\/p>\n<div class=\"wp-block-spacer\" style=\"height: 61px;\" aria-hidden=\"true\">\u00a0<\/div>\n<p><!-- \/wp:spacer --><\/p>\n<p><!-- wp:heading --><\/p>\n<h2 class=\"wp-block-heading\"><strong>RACHIDA BEN JAMID<\/strong><\/h2>\n<p><!-- \/wp:heading --><\/p>\n<p><!-- wp:image {\"id\":10186,\"width\":\"387px\",\"height\":\"473px\",\"sizeSlug\":\"large\"} --><\/p>\n<figure class=\"wp-block-image size-large is-resized\"><img loading=\"lazy\" decoding=\"async\" width=\"837\" height=\"1024\" class=\"wp-image-10186\" style=\"width: 387px; height: 473px;\" src=\"http:\/\/shimclinic.es\/wp-content\/uploads\/2022\/05\/IMG_4699-837x1024.jpg\" alt=\"\" srcset=\"http:\/\/18.198.46.52\/wp-content\/uploads\/2022\/05\/IMG_4699-837x1024.jpg 837w, http:\/\/18.198.46.52\/wp-content\/uploads\/2022\/05\/IMG_4699-245x300.jpg 245w, http:\/\/18.198.46.52\/wp-content\/uploads\/2022\/05\/IMG_4699-768x940.jpg 768w, http:\/\/18.198.46.52\/wp-content\/uploads\/2022\/05\/IMG_4699-1255x1536.jpg 1255w, http:\/\/18.198.46.52\/wp-content\/uploads\/2022\/05\/IMG_4699.jpg 1284w\" sizes=\"(max-width: 837px) 100vw, 837px\" \/><figcaption class=\"wp-element-caption\"><strong>T\u00c9CNICO ESTETICISTA.<\/strong><\/figcaption><\/figure>\n<p><!-- \/wp:image --><\/p>\n<p><!-- wp:paragraph {\"align\":\"center\"} --><\/p>\n<p class=\"has-text-align-center\">Cours de formation <strong>Alma L\u00e1ser M\u00e9dica:<\/strong> Cours ACCENT PRIME Radiofr\u00e9quence et Ultrasons et Cours \u00c9pilation Laser avec SOPRANO TITANIUM. cours de formation <strong>IRRADIA<\/strong>: SLIM UP Stimulation musculaire \u00e9lectromagn\u00e9tique. Sp\u00e9cialiste des traitements esth\u00e9tiques avec Galvanic Current, Diamond Tip et Dermapen.<\/p>\n<p><!-- \/wp:paragraph --><\/p>\n<p><!-- wp:spacer {\"height\":\"61px\"} --><\/p>\n<div class=\"wp-block-spacer\" style=\"height: 61px;\" aria-hidden=\"true\">\u00a0<\/div>\n<p><!-- \/wp:spacer --><\/p>\n<p><!-- wp:heading --><\/p>\n<h2 class=\"wp-block-heading\"><strong>REYES<\/strong> <strong>DEL ROC\u00cdO LE\u00d3N OLIVER<\/strong><\/h2>\n<p><!-- \/wp:heading --><\/p>\n<p><!-- wp:image {\"id\":10418,\"width\":\"422px\",\"height\":\"847px\",\"sizeSlug\":\"large\"} --><\/p>\n<figure class=\"wp-block-image size-large is-resized\"><img loading=\"lazy\" decoding=\"async\" width=\"510\" height=\"1024\" class=\"wp-image-10418\" style=\"width: 422px; height: 847px;\" src=\"http:\/\/shimclinic.es\/wp-content\/uploads\/2023\/09\/FOTO-REYES-510x1024.jpg\" alt=\"\" srcset=\"http:\/\/18.198.46.52\/wp-content\/uploads\/2023\/09\/FOTO-REYES-510x1024.jpg 510w, http:\/\/18.198.46.52\/wp-content\/uploads\/2023\/09\/FOTO-REYES-149x300.jpg 149w, http:\/\/18.198.46.52\/wp-content\/uploads\/2023\/09\/FOTO-REYES-768x1543.jpg 768w, http:\/\/18.198.46.52\/wp-content\/uploads\/2023\/09\/FOTO-REYES-765x1536.jpg 765w, http:\/\/18.198.46.52\/wp-content\/uploads\/2023\/09\/FOTO-REYES-1020x2048.jpg 1020w, http:\/\/18.198.46.52\/wp-content\/uploads\/2023\/09\/FOTO-REYES-6x12.jpg 6w, http:\/\/18.198.46.52\/wp-content\/uploads\/2023\/09\/FOTO-REYES.jpg 1263w\" sizes=\"(max-width: 510px) 100vw, 510px\" \/><figcaption class=\"wp-element-caption\"><strong>TECHNICIEN S\u00c9NIOR EN ESTH\u00c9TIQUE<\/strong><\/figcaption><\/figure>\n<p><!-- \/wp:image --><\/p>\n<p><!-- wp:paragraph -->Cursos de formaci\u00f3n de ALMA L\u00c1SER M\u00c9DICA, IRRADIA y COSM\u00c9TICA de LABORATORIOS ATACHE.<\/p>\n<p><!-- \/wp:paragraph --><\/p>\n<p><!-- wp:paragraph -->M\u00e1ster en t\u00e9cnicas de maquillaje y m\u00e1ster en caracterizaci\u00f3n.<\/p>\n<p><!-- \/wp:paragraph --><\/p>\n<p><!-- wp:spacer {\"height\":\"61px\"} --><\/p>\n<div class=\"wp-block-spacer\" style=\"height: 61px;\" aria-hidden=\"true\">\u00a0<\/div>\n<p><!-- \/wp:spacer --><\/p>\n<p><!-- wp:paragraph --><!-- \/wp:paragraph --><\/p>\n<p><!-- wp:heading --><\/p>\n<h2 class=\"wp-block-heading\"><strong>ROMAISA AHMED DEBBAG<\/strong><\/h2>\n<p><!-- \/wp:heading --><\/p>\n<p><!-- wp:image {\"id\":10454,\"width\":\"477px\",\"height\":\"auto\",\"aspectRatio\":\"0.7514450867052023\",\"sizeSlug\":\"large\",\"linkDestination\":\"none\"} --><\/p>\n<figure class=\"wp-block-image size-large is-resized\"><img loading=\"lazy\" decoding=\"async\" class=\"wp-image-10664 size-large\" style=\"aspect-ratio: 0.7514450867052023; width: 477px; height: auto;\" src=\"http:\/\/shimclinic.es\/wp-content\/uploads\/2024\/12\/ROMAAISA-1-790x1024.jpg\" alt=\"\" width=\"790\" height=\"1024\" srcset=\"http:\/\/18.198.46.52\/wp-content\/uploads\/2024\/12\/ROMAAISA-1-790x1024.jpg 790w, http:\/\/18.198.46.52\/wp-content\/uploads\/2024\/12\/ROMAAISA-1-231x300.jpg 231w, http:\/\/18.198.46.52\/wp-content\/uploads\/2024\/12\/ROMAAISA-1-768x996.jpg 768w, http:\/\/18.198.46.52\/wp-content\/uploads\/2024\/12\/ROMAAISA-1-1185x1536.jpg 1185w, http:\/\/18.198.46.52\/wp-content\/uploads\/2024\/12\/ROMAAISA-1-9x12.jpg 9w, http:\/\/18.198.46.52\/wp-content\/uploads\/2024\/12\/ROMAAISA-1.jpg 1284w\" sizes=\"(max-width: 790px) 100vw, 790px\" \/><figcaption class=\"wp-element-caption\"><strong>RESPONSABLE DE GESTI\u00d3N ADMINISTRATIVA<\/strong><\/figcaption><\/figure>\n<p><!-- \/wp:image --><\/p>\n<p>Grado en Administraci\u00f3n y Direcci\u00f3n de Empresas (Universidad de Granada)<\/p>\n<p>M\u00e1ster en Tecnolog\u00edas para la Investigaci\u00f3n de Mercado y Marketing (Universidad de Granada)<\/p>\n<p>Cursos de digitalizaci\u00f3n y marketing digital (Universidad de Granada).<\/p>\n<p>Curso intensivo de contabilidad mediante herramientas inform\u00e1ticas (Universidad de Granada).<\/p>\n<p>Curso asesoramiento financiero (Universidad de Granada)<\/p>\n<p>&nbsp;<\/p>\n<p><!-- \/wp:paragraph --><\/p>\n<p><!-- wp:spacer {\"height\":\"60px\"} --><\/p>\n<div class=\"wp-block-spacer\" style=\"height: 60px;\" aria-hidden=\"true\">\u00a0<\/div>\n<p><!-- \/wp:spacer --><\/p>\n<p>&nbsp;<\/p>\n\n\t\t<\/div>\n\t<\/div>\n<\/div><\/div><\/div><\/div>","protected":false},"excerpt":{"rendered":"En Shim Cl\u00ednic, tendr\u00e1 la seguridad de estar en manos de profesionales competentes y expertos. Nuestras se\u00f1as de identidad: El trato diferenciado y personalizado que comienza con un diagn\u00f3stico espec\u00edfico de las necesidades de cada paciente y el saber que los m\u00e9dicos siempre van a estar ah\u00ed ante cualquier duda. DRA. YISEL GALLARDO MEDINA Cardi\u00f3loga. [...]","protected":false},"author":1,"featured_media":0,"parent":0,"menu_order":0,"comment_status":"closed","ping_status":"closed","template":"","meta":{"footnotes":""},"_links":{"self":[{"href":"http:\/\/18.198.46.52\/fr\/wp-json\/wp\/v2\/pages\/10094"}],"collection":[{"href":"http:\/\/18.198.46.52\/fr\/wp-json\/wp\/v2\/pages"}],"about":[{"href":"http:\/\/18.198.46.52\/fr\/wp-json\/wp\/v2\/types\/page"}],"author":[{"embeddable":true,"href":"http:\/\/18.198.46.52\/fr\/wp-json\/wp\/v2\/users\/1"}],"replies":[{"embeddable":true,"href":"http:\/\/18.198.46.52\/fr\/wp-json\/wp\/v2\/comments?post=10094"}],"version-history":[{"count":71,"href":"http:\/\/18.198.46.52\/fr\/wp-json\/wp\/v2\/pages\/10094\/revisions"}],"predecessor-version":[{"id":10708,"href":"http:\/\/18.198.46.52\/fr\/wp-json\/wp\/v2\/pages\/10094\/revisions\/10708"}],"wp:attachment":[{"href":"http:\/\/18.198.46.52\/fr\/wp-json\/wp\/v2\/media?parent=10094"}],"curies":[{"name":"wp","href":"https:\/\/api.w.org\/{rel}","templated":true}]}}