{"id":10137,"date":"2022-01-18T10:32:12","date_gmt":"2022-01-18T09:32:12","guid":{"rendered":"http:\/\/shimclinic.es\/?page_id=10137"},"modified":"2023-03-01T19:11:41","modified_gmt":"2023-03-01T18:11:41","slug":"faciales","status":"publish","type":"page","link":"http:\/\/18.198.46.52\/fr\/faciales\/","title":{"rendered":"Visage et corps"},"content":{"rendered":"<div class=\"vc_row wpb_row vc_row-fluid\"><div class=\"wpb_column vc_column_container vc_col-sm-12\"><div class=\"vc_column-inner\"><div class=\"wpb_wrapper\">\n\t<div class=\"wpb_text_column wpb_content_element\" >\n\t\t<div class=\"wpb_wrapper\">\n\t\t\t<h3 style=\"text-align: left;\"><em>Tu rostro es \u00fanico. Nuestro objetivo: rejuvenecerlo y embellecerlo buscando la armon\u00eda y la naturalidad para que sigas siendo t\u00fa.<\/em><\/h3>\n\n\t\t<\/div>\n\t<\/div>\n<\/div><\/div><\/div><\/div><div class=\"vc_row wpb_row vc_row-fluid\"><div class=\"wpb_column vc_column_container vc_col-sm-12\"><div class=\"vc_column-inner\"><div class=\"wpb_wrapper\">\n\t<div  class=\"wpb_single_image wpb_content_element vc_align_center\">\n\t\t<h2 class=\"wpb_heading wpb_singleimage_heading\">TEOXANE<\/h2>\n\t\t<figure class=\"wpb_wrapper vc_figure\">\n\t\t\t<div class=\"vc_single_image-wrapper vc_box_border_circle  vc_box_border_grey\"><img loading=\"lazy\" decoding=\"async\" width=\"400\" height=\"400\" src=\"http:\/\/18.198.46.52\/wp-content\/uploads\/2022\/03\/teoxane-blackwhite-1.jpg\" class=\"vc_single_image-img attachment-full\" alt=\"\" srcset=\"http:\/\/18.198.46.52\/wp-content\/uploads\/2022\/03\/teoxane-blackwhite-1.jpg 400w, http:\/\/18.198.46.52\/wp-content\/uploads\/2022\/03\/teoxane-blackwhite-1-300x300.jpg 300w, http:\/\/18.198.46.52\/wp-content\/uploads\/2022\/03\/teoxane-blackwhite-1-150x150.jpg 150w\" sizes=\"(max-width: 400px) 100vw, 400px\" \/><\/div>\n\t\t<\/figure>\n\t<\/div>\n<\/div><\/div><\/div><\/div>","protected":false},"excerpt":{"rendered":"Tu rostro es \u00fanico. Nuestro objetivo: rejuvenecerlo y embellecerlo buscando la armon\u00eda y la naturalidad para que sigas siendo t\u00fa. TEOXANE","protected":false},"author":1,"featured_media":0,"parent":0,"menu_order":0,"comment_status":"closed","ping_status":"closed","template":"","meta":{"footnotes":""},"_links":{"self":[{"href":"http:\/\/18.198.46.52\/fr\/wp-json\/wp\/v2\/pages\/10137"}],"collection":[{"href":"http:\/\/18.198.46.52\/fr\/wp-json\/wp\/v2\/pages"}],"about":[{"href":"http:\/\/18.198.46.52\/fr\/wp-json\/wp\/v2\/types\/page"}],"author":[{"embeddable":true,"href":"http:\/\/18.198.46.52\/fr\/wp-json\/wp\/v2\/users\/1"}],"replies":[{"embeddable":true,"href":"http:\/\/18.198.46.52\/fr\/wp-json\/wp\/v2\/comments?post=10137"}],"version-history":[{"count":4,"href":"http:\/\/18.198.46.52\/fr\/wp-json\/wp\/v2\/pages\/10137\/revisions"}],"predecessor-version":[{"id":10372,"href":"http:\/\/18.198.46.52\/fr\/wp-json\/wp\/v2\/pages\/10137\/revisions\/10372"}],"wp:attachment":[{"href":"http:\/\/18.198.46.52\/fr\/wp-json\/wp\/v2\/media?parent=10137"}],"curies":[{"name":"wp","href":"https:\/\/api.w.org\/{rel}","templated":true}]}}