{"id":10260,"date":"2022-06-06T14:05:16","date_gmt":"2022-06-06T12:05:16","guid":{"rendered":"http:\/\/shimclinic.es\/?page_id=10260"},"modified":"2022-06-06T18:50:10","modified_gmt":"2022-06-06T16:50:10","slug":"femilift","status":"publish","type":"page","link":"http:\/\/18.198.46.52\/fr\/servicios\/aparatologia\/femilift\/","title":{"rendered":"Femilift"},"content":{"rendered":"<figure class=\"wp-block-image\"><img decoding=\"async\" src=\"https:\/\/www.almalasersmedica.es\/wp-content\/uploads\/2020\/10\/femilift.png\" alt=\"Femilift\"\/><\/figure>\n\n\n\n<h2 class=\"wp-block-heading\">D\u00c9COUVREZ LA PLATEFORME FEMILIFT<\/h2>\n\n\n\n<p>FemiLift prendre le pouvoir, le\npr\u00e9cision et polyvalence de la technologie&nbsp;<strong><a href=\"https:\/\/www.almalasersmedica.es\/tecnologias\/laser-co2\/\">l\u00e1ser CO2<\/a><\/strong>&nbsp;laser CO2 d'Alma pour offrir quatre modes d'\u00e9mission d'\u00e9nergie et une large gamme d'applicateurs, caract\u00e9ristiques qui en font la plateforme de traitement la plus compl\u00e8te et la plus efficace pour la sant\u00e9 intime des femmes.<\/p>\n\n\n\n<p>4 modes d'\u00e9mission exclusifs :<\/p>\n\n\n\n<ol type=\"1\"><li>Transmission d'\u00e9nergie fractionn\u00e9e pixel, unique \u00e0 Alma, avec des pi\u00e8ces FemiLift<strong> effet thermique puissant pour les traitements non invasifs de r\u00e9g\u00e9n\u00e9ration des tissus vaginaux.<\/strong>. <\/li><li>Coupe et coagulation - efficacit\u00e9 maximale et haute performance dans les traitements qui n\u00e9cessitent<strong> l'excision, l'incision, l'ablation et la coagulation des tissus,<\/strong> comme <strong>la labiaplastie<\/strong><\/li><li>Faisceau d\u00e9focalis\u00e9 \u2013 effet thermique puissant <strong>sans ablation \u2013 particuli\u00e8rement efficace dans la restructuration non invasive des grandes l\u00e8vres<\/strong><\/li><li>FemiLite - Nouveau mode d'administration thermique - Femilite est un nouveau traitement con\u00e7u sp\u00e9cifiquement pour les patients souffrant d'atrophie et de douleur aigu\u00eb. Le traitement, qui est administr\u00e9 \u00e0 l'aide des applicateurs Femilift, applique une faible fluence avec des taux de r\u00e9p\u00e9tition \u00e9lev\u00e9s de transmission d'\u00e9nergie, ce qui donne un<strong> traitement doux et indolore.<\/strong><\/li><\/ol>\n\n\n\n<p><\/p>","protected":false},"excerpt":{"rendered":"<p>Conoce la plataforma Femilift FemiLift aprovecha el poder, la precisi\u00f3n y versatilidad de la tecnolog\u00eda&nbsp;l\u00e1ser CO2&nbsp;de Alma para ofrecer cuatro modos de emisi\u00f3n de la energ\u00eda y una amplia gama de aplicadores, caracter\u00edsticas que la convierten en la plataforma de tratamiento m\u00e1s completa y efectiva para la salud \u00edntima de la mujer. 4 exclusivos modos [&hellip;]<\/p>","protected":false},"author":1,"featured_media":0,"parent":9625,"menu_order":0,"comment_status":"closed","ping_status":"closed","template":"","meta":{"footnotes":""},"_links":{"self":[{"href":"http:\/\/18.198.46.52\/fr\/wp-json\/wp\/v2\/pages\/10260"}],"collection":[{"href":"http:\/\/18.198.46.52\/fr\/wp-json\/wp\/v2\/pages"}],"about":[{"href":"http:\/\/18.198.46.52\/fr\/wp-json\/wp\/v2\/types\/page"}],"author":[{"embeddable":true,"href":"http:\/\/18.198.46.52\/fr\/wp-json\/wp\/v2\/users\/1"}],"replies":[{"embeddable":true,"href":"http:\/\/18.198.46.52\/fr\/wp-json\/wp\/v2\/comments?post=10260"}],"version-history":[{"count":2,"href":"http:\/\/18.198.46.52\/fr\/wp-json\/wp\/v2\/pages\/10260\/revisions"}],"predecessor-version":[{"id":10269,"href":"http:\/\/18.198.46.52\/fr\/wp-json\/wp\/v2\/pages\/10260\/revisions\/10269"}],"up":[{"embeddable":true,"href":"http:\/\/18.198.46.52\/fr\/wp-json\/wp\/v2\/pages\/9625"}],"wp:attachment":[{"href":"http:\/\/18.198.46.52\/fr\/wp-json\/wp\/v2\/media?parent=10260"}],"curies":[{"name":"wp","href":"https:\/\/api.w.org\/{rel}","templated":true}]}}