{"id":10326,"date":"2023-02-16T18:46:32","date_gmt":"2023-02-16T17:46:32","guid":{"rendered":"http:\/\/shimclinic.es\/?page_id=10326"},"modified":"2023-02-16T18:46:32","modified_gmt":"2023-02-16T17:46:32","slug":"sequedad-vaginal-e-infecciones-recurrentes","status":"publish","type":"page","link":"http:\/\/18.198.46.52\/fr\/sequedad-vaginal-e-infecciones-recurrentes\/","title":{"rendered":"S\u00e9cheresse vaginale et infections \u00e0 r\u00e9p\u00e9tition :"},"content":{"rendered":"<p>Par \u00e9mission de chaleur, il r\u00e9g\u00e9n\u00e8re les tissus vulvo-vaginaux, am\u00e9liore la lubrification vaginale et normalise le pH et la flore vaginale. Il am\u00e9liore \u00e9galement la r\u00e9ponse locale du syst\u00e8me immunitaire et aide \u00e0 \u00e9liminer les infections vaginales chroniques.&nbsp;<\/p>\n\n\n\n<p><\/p>\n\n\n\n<p><\/p>","protected":false},"excerpt":{"rendered":"<p>Par \u00e9mission de chaleur, il r\u00e9g\u00e9n\u00e8re les tissus vulvo-vaginaux, am\u00e9liore la lubrification vaginale et normalise le pH et la flore vaginale. Il am\u00e9liore \u00e9galement la r\u00e9ponse locale du syst\u00e8me immunitaire et aide \u00e0 \u00e9liminer les infections vaginales chroniques.&nbsp;<\/p>","protected":false},"author":1,"featured_media":0,"parent":0,"menu_order":0,"comment_status":"closed","ping_status":"closed","template":"","meta":{"footnotes":""},"_links":{"self":[{"href":"http:\/\/18.198.46.52\/fr\/wp-json\/wp\/v2\/pages\/10326"}],"collection":[{"href":"http:\/\/18.198.46.52\/fr\/wp-json\/wp\/v2\/pages"}],"about":[{"href":"http:\/\/18.198.46.52\/fr\/wp-json\/wp\/v2\/types\/page"}],"author":[{"embeddable":true,"href":"http:\/\/18.198.46.52\/fr\/wp-json\/wp\/v2\/users\/1"}],"replies":[{"embeddable":true,"href":"http:\/\/18.198.46.52\/fr\/wp-json\/wp\/v2\/comments?post=10326"}],"version-history":[{"count":1,"href":"http:\/\/18.198.46.52\/fr\/wp-json\/wp\/v2\/pages\/10326\/revisions"}],"predecessor-version":[{"id":10327,"href":"http:\/\/18.198.46.52\/fr\/wp-json\/wp\/v2\/pages\/10326\/revisions\/10327"}],"wp:attachment":[{"href":"http:\/\/18.198.46.52\/fr\/wp-json\/wp\/v2\/media?parent=10326"}],"curies":[{"name":"wp","href":"https:\/\/api.w.org\/{rel}","templated":true}]}}