{"id":10332,"date":"2023-02-27T19:57:35","date_gmt":"2023-02-27T18:57:35","guid":{"rendered":"http:\/\/shimclinic.es\/?page_id=10332"},"modified":"2023-02-27T19:57:35","modified_gmt":"2023-02-27T18:57:35","slug":"tensado-vaginal","status":"publish","type":"page","link":"http:\/\/18.198.46.52\/fr\/tensado-vaginal\/","title":{"rendered":"Resserrement vaginal :"},"content":{"rendered":"<p>La\u00a0<strong>laxit\u00e9 vaginale<\/strong>\u00a0C'est un probl\u00e8me caract\u00e9ris\u00e9 par la\u00a0<strong>perte de tonicit\u00e9 vaginale<\/strong> due \u00e0 un accouchement ou associ\u00e9e \u00e0 une atrophie vulvo-vaginale, l'atrophie vulvo-vaginale peut entra\u00eener un amincissement des parois vaginales, une augmentation de la flaccidit\u00e9 des tissus et une\u00a0<strong>diminution de la sensibilit\u00e9 de la r\u00e9gion vaginale<\/strong>, ce qui entra\u00eene une moindre satisfaction lors des rapports sexuels et l'apparition de pertes d'urine, cr\u00e9ant un r\u00e9el probl\u00e8me li\u00e9 \u00e0 la qualit\u00e9 de vie des femmes.\u00a0<a href=\"https:\/\/www.almalasersmedica.es\/productos\/femilift\/\">FemiLift<\/a>\u00a0est un traitement au laser avanc\u00e9, r\u00e9alis\u00e9 avec le syst\u00e8me<a href=\"https:\/\/www.almalasersmedica.es\/productos\/pixel-co2\/\">\u00a0Pixel CO2<\/a>, qui offre une solution simple et s\u00fbre pour restaurer la qualit\u00e9 du tissu vaginal, en r\u00e9cup\u00e9rant son <strong>turgescence et tension,<\/strong> et <strong>en augmentant ainsi sa sensibilit\u00e9.<\/strong><\/p>\n\n\n\n<p><\/p>\n\n\n\n<p><\/p>\n\n\n\n<p><\/p>","protected":false},"excerpt":{"rendered":"<p>La\u00a0laxitud vaginal\u00a0es un problema que se caracteriza por la\u00a0p\u00e9rdida de tono de la vagina a causa de los partos o asociado a la atrofia vulvovaginal, La atrofia vulvovaginal puede provocar un adelgazamiento de las paredes vaginales, un incremento de la flacidez del tejido y una\u00a0disminuci\u00f3n de la sensibilidad del \u00e1rea vaginal, lo que conlleva una [&hellip;]<\/p>","protected":false},"author":1,"featured_media":0,"parent":0,"menu_order":0,"comment_status":"closed","ping_status":"closed","template":"","meta":{"footnotes":""},"_links":{"self":[{"href":"http:\/\/18.198.46.52\/fr\/wp-json\/wp\/v2\/pages\/10332"}],"collection":[{"href":"http:\/\/18.198.46.52\/fr\/wp-json\/wp\/v2\/pages"}],"about":[{"href":"http:\/\/18.198.46.52\/fr\/wp-json\/wp\/v2\/types\/page"}],"author":[{"embeddable":true,"href":"http:\/\/18.198.46.52\/fr\/wp-json\/wp\/v2\/users\/1"}],"replies":[{"embeddable":true,"href":"http:\/\/18.198.46.52\/fr\/wp-json\/wp\/v2\/comments?post=10332"}],"version-history":[{"count":1,"href":"http:\/\/18.198.46.52\/fr\/wp-json\/wp\/v2\/pages\/10332\/revisions"}],"predecessor-version":[{"id":10333,"href":"http:\/\/18.198.46.52\/fr\/wp-json\/wp\/v2\/pages\/10332\/revisions\/10333"}],"wp:attachment":[{"href":"http:\/\/18.198.46.52\/fr\/wp-json\/wp\/v2\/media?parent=10332"}],"curies":[{"name":"wp","href":"https:\/\/api.w.org\/{rel}","templated":true}]}}