{"id":10336,"date":"2023-02-27T20:24:37","date_gmt":"2023-02-27T19:24:37","guid":{"rendered":"http:\/\/shimclinic.es\/?page_id=10336"},"modified":"2023-02-27T20:24:37","modified_gmt":"2023-02-27T19:24:37","slug":"sindrome-genitourinario-de-la-menopausia-sgm","status":"publish","type":"page","link":"http:\/\/18.198.46.52\/fr\/sindrome-genitourinario-de-la-menopausia-sgm\/","title":{"rendered":"Syndrome g\u00e9nito-urinaire de la m\u00e9nopause (SGM) :"},"content":{"rendered":"<p><\/p>\n\n\n\n<p>Il se manifeste comme <strong><a href=\"https:\/\/www.almalasersmedica.es\/tratamientos\/sequedad-vaginal-e-infecciones-recurrentes\/\">s\u00e9cheresse vaginale<\/a>, diminution de la lubrification, douleur, sensation de br\u00fblure et dyspareunie (douleur pendant les rapports sexuels)<\/strong><\/p>\n\n\n\n<p>Gr\u00e2ce \u00e0 l'effet thermique de FemiLift, le <strong>r\u00e9g\u00e9n\u00e9ration du collag\u00e8ne<\/strong>.<strong> , la contraction des fibres \u00e9lastiques<\/strong>, comme le <strong>et de la n\u00e9ovascularisation,<\/strong> de la r\u00e9gion et une meilleure <strong>lubrification vaginale.<\/strong> Cela aide \u00e0 la r\u00e9\u00e9ducation en am\u00e9liorant la tonicit\u00e9, la lubrification et la souplesse des tissus<\/p>","protected":false},"excerpt":{"rendered":"<p>Se manifiesta como sequedad vaginal, disminuci\u00f3n de la lubricaci\u00f3n, dolor, quemaz\u00f3n y dispareunia (dolor durante las relaciones sexuales) Gracias al efecto t\u00e9rmico de FemiLift se estimula la regeneraci\u00f3n del col\u00e1geno, la contracci\u00f3n de las fibras el\u00e1sticas, al igual que la neovascularizaci\u00f3n de la zona y una mejor lubricaci\u00f3n vaginal. Esto ayuda en la rehabilitaci\u00f3n mejorando [&hellip;]<\/p>","protected":false},"author":1,"featured_media":0,"parent":0,"menu_order":0,"comment_status":"closed","ping_status":"closed","template":"","meta":{"footnotes":""},"_links":{"self":[{"href":"http:\/\/18.198.46.52\/fr\/wp-json\/wp\/v2\/pages\/10336"}],"collection":[{"href":"http:\/\/18.198.46.52\/fr\/wp-json\/wp\/v2\/pages"}],"about":[{"href":"http:\/\/18.198.46.52\/fr\/wp-json\/wp\/v2\/types\/page"}],"author":[{"embeddable":true,"href":"http:\/\/18.198.46.52\/fr\/wp-json\/wp\/v2\/users\/1"}],"replies":[{"embeddable":true,"href":"http:\/\/18.198.46.52\/fr\/wp-json\/wp\/v2\/comments?post=10336"}],"version-history":[{"count":1,"href":"http:\/\/18.198.46.52\/fr\/wp-json\/wp\/v2\/pages\/10336\/revisions"}],"predecessor-version":[{"id":10337,"href":"http:\/\/18.198.46.52\/fr\/wp-json\/wp\/v2\/pages\/10336\/revisions\/10337"}],"wp:attachment":[{"href":"http:\/\/18.198.46.52\/fr\/wp-json\/wp\/v2\/media?parent=10336"}],"curies":[{"name":"wp","href":"https:\/\/api.w.org\/{rel}","templated":true}]}}