{"id":10350,"date":"2023-02-28T16:43:20","date_gmt":"2023-02-28T15:43:20","guid":{"rendered":"http:\/\/shimclinic.es\/?page_id=10350"},"modified":"2023-02-28T16:43:21","modified_gmt":"2023-02-28T15:43:21","slug":"tratamientos-quirurgicos","status":"publish","type":"page","link":"http:\/\/18.198.46.52\/fr\/tratamientos-quirurgicos\/","title":{"rendered":"TRAITEMENTS CHIRURGICAUX :"},"content":{"rendered":"<h2 class=\"wp-block-heading\"><strong>Cirug\u00eda \u00edntima femenina con tecnolog\u00eda l\u00e1ser CO2 de \u00faltima generaci\u00f3n<\/strong>:<\/h2>\n\n\n\n<p><\/p>\n\n\n\n<p><strong>\u00bfQu\u00e9 tratamientos se pueden realizar?<\/strong><\/p>\n\n\n\n<p>El l\u00e1ser de CO2 es capaz de<strong>&nbsp;cortar y coagular de forma ultraprecisa<\/strong>, fina, m\u00ednimamente invasiva y con una gran capacidad de coagulaci\u00f3n de los vasos que evitan el sangrado, por lo que es una gran opci\u00f3n de tratamiento para una amplia variedad de cirug\u00edas ginecol\u00f3gicas:<\/p>","protected":false},"excerpt":{"rendered":"<p>Cirug\u00eda \u00edntima femenina con tecnolog\u00eda l\u00e1ser CO2 de \u00faltima generaci\u00f3n: \u00bfQu\u00e9 tratamientos se pueden realizar? El l\u00e1ser de CO2 es capaz de&nbsp;cortar y coagular de forma ultraprecisa, fina, m\u00ednimamente invasiva y con una gran capacidad de coagulaci\u00f3n de los vasos que evitan el sangrado, por lo que es una gran opci\u00f3n de tratamiento para una [&hellip;]<\/p>","protected":false},"author":1,"featured_media":0,"parent":0,"menu_order":0,"comment_status":"closed","ping_status":"closed","template":"","meta":{"footnotes":""},"_links":{"self":[{"href":"http:\/\/18.198.46.52\/fr\/wp-json\/wp\/v2\/pages\/10350"}],"collection":[{"href":"http:\/\/18.198.46.52\/fr\/wp-json\/wp\/v2\/pages"}],"about":[{"href":"http:\/\/18.198.46.52\/fr\/wp-json\/wp\/v2\/types\/page"}],"author":[{"embeddable":true,"href":"http:\/\/18.198.46.52\/fr\/wp-json\/wp\/v2\/users\/1"}],"replies":[{"embeddable":true,"href":"http:\/\/18.198.46.52\/fr\/wp-json\/wp\/v2\/comments?post=10350"}],"version-history":[{"count":1,"href":"http:\/\/18.198.46.52\/fr\/wp-json\/wp\/v2\/pages\/10350\/revisions"}],"predecessor-version":[{"id":10351,"href":"http:\/\/18.198.46.52\/fr\/wp-json\/wp\/v2\/pages\/10350\/revisions\/10351"}],"wp:attachment":[{"href":"http:\/\/18.198.46.52\/fr\/wp-json\/wp\/v2\/media?parent=10350"}],"curies":[{"name":"wp","href":"https:\/\/api.w.org\/{rel}","templated":true}]}}