{"id":10359,"date":"2023-02-28T16:52:44","date_gmt":"2023-02-28T15:52:44","guid":{"rendered":"http:\/\/shimclinic.es\/?page_id=10359"},"modified":"2023-02-28T16:52:45","modified_gmt":"2023-02-28T15:52:45","slug":"liquen-escleroso","status":"publish","type":"page","link":"http:\/\/18.198.46.52\/fr\/liquen-escleroso\/","title":{"rendered":"lichen scl\u00e9ro-atrophique:"},"content":{"rendered":"<p>C'est une dermatose inflammatoire chronique qui touche principalement les femmes m\u00e9nopaus\u00e9es. Elle appara\u00eet localis\u00e9e dans la r\u00e9gion vulvaire ou anale et pr\u00e9sente des signes tels que des d\u00e9mangeaisons, une sensation d'irritation ou de br\u00fblure, l'apparition de fissures et de petites ulc\u00e9rations dues aux d\u00e9mangeaisons et au grattage. La peau peut changer de couleur et pr\u00e9senter des papules blanches. FemiLift permet de traiter efficacement tous les types de lichen scl\u00e9reux, quelle que soit leur morphologie, qu'ils soient atrophiques ou pr\u00e9sentent beaucoup d'hyperk\u00e9ratose. Ainsi, il r\u00e9duit consid\u00e9rablement les sympt\u00f4mes, am\u00e9liore l'aspect clinique et, selon l'exp\u00e9rience de ses utilisateurs m\u00e9dicaux, montre qu'il parvient \u00e0 freiner cette maladie.<\/p>","protected":false},"excerpt":{"rendered":"<p>Es una enfermedad inflamatoria cr\u00f3nica de la piel que suele afectar principalmente a mujeres postmenop\u00e1usicas. Aparece localizado en la zona vulvar o anal y presenta signos como picaz\u00f3n, sensaci\u00f3n de irritaci\u00f3n o ardor, aparici\u00f3n de fisuras y peque\u00f1as ulceraciones por picor y rascado. La piel puede cambiar de color y presentar p\u00e1pulas blancas. FemiLift permite [&hellip;]<\/p>","protected":false},"author":1,"featured_media":0,"parent":0,"menu_order":0,"comment_status":"closed","ping_status":"closed","template":"","meta":{"footnotes":""},"_links":{"self":[{"href":"http:\/\/18.198.46.52\/fr\/wp-json\/wp\/v2\/pages\/10359"}],"collection":[{"href":"http:\/\/18.198.46.52\/fr\/wp-json\/wp\/v2\/pages"}],"about":[{"href":"http:\/\/18.198.46.52\/fr\/wp-json\/wp\/v2\/types\/page"}],"author":[{"embeddable":true,"href":"http:\/\/18.198.46.52\/fr\/wp-json\/wp\/v2\/users\/1"}],"replies":[{"embeddable":true,"href":"http:\/\/18.198.46.52\/fr\/wp-json\/wp\/v2\/comments?post=10359"}],"version-history":[{"count":1,"href":"http:\/\/18.198.46.52\/fr\/wp-json\/wp\/v2\/pages\/10359\/revisions"}],"predecessor-version":[{"id":10360,"href":"http:\/\/18.198.46.52\/fr\/wp-json\/wp\/v2\/pages\/10359\/revisions\/10360"}],"wp:attachment":[{"href":"http:\/\/18.198.46.52\/fr\/wp-json\/wp\/v2\/media?parent=10359"}],"curies":[{"name":"wp","href":"https:\/\/api.w.org\/{rel}","templated":true}]}}