{"id":10365,"date":"2023-02-28T16:57:01","date_gmt":"2023-02-28T15:57:01","guid":{"rendered":"http:\/\/shimclinic.es\/?page_id=10365"},"modified":"2023-02-28T16:57:01","modified_gmt":"2023-02-28T15:57:01","slug":"extirpacion-de-quistes-tumores-benignos-y-malignos-o-lesiones-precancerigenas-o-cancerigenas","status":"publish","type":"page","link":"http:\/\/18.198.46.52\/fr\/extirpacion-de-quistes-tumores-benignos-y-malignos-o-lesiones-precancerigenas-o-cancerigenas\/","title":{"rendered":"Ablation de kystes, de tumeurs b\u00e9nignes et malignes ou de l\u00e9sions pr\u00e9canc\u00e9reuses ou canc\u00e9reuses"},"content":{"rendered":"<p>Comme la n\u00e9oplasie intra\u00e9pith\u00e9liale vulvaire (VIN) - une maladie cutan\u00e9e de la vulve qui repr\u00e9sente une l\u00e9sion ant\u00e9rieure ou pr\u00e9curseur du cancer de la vulve - ou la n\u00e9oplasie intra\u00e9pith\u00e9liale vaginale (VAIN).<\/p>","protected":false},"excerpt":{"rendered":"<p>Comme la n\u00e9oplasie intra\u00e9pith\u00e9liale vulvaire (VIN) - une maladie cutan\u00e9e de la vulve qui repr\u00e9sente une l\u00e9sion ant\u00e9rieure ou pr\u00e9curseur du cancer de la vulve - ou la n\u00e9oplasie intra\u00e9pith\u00e9liale vaginale (VAIN).<\/p>","protected":false},"author":1,"featured_media":0,"parent":0,"menu_order":0,"comment_status":"closed","ping_status":"closed","template":"","meta":{"footnotes":""},"_links":{"self":[{"href":"http:\/\/18.198.46.52\/fr\/wp-json\/wp\/v2\/pages\/10365"}],"collection":[{"href":"http:\/\/18.198.46.52\/fr\/wp-json\/wp\/v2\/pages"}],"about":[{"href":"http:\/\/18.198.46.52\/fr\/wp-json\/wp\/v2\/types\/page"}],"author":[{"embeddable":true,"href":"http:\/\/18.198.46.52\/fr\/wp-json\/wp\/v2\/users\/1"}],"replies":[{"embeddable":true,"href":"http:\/\/18.198.46.52\/fr\/wp-json\/wp\/v2\/comments?post=10365"}],"version-history":[{"count":1,"href":"http:\/\/18.198.46.52\/fr\/wp-json\/wp\/v2\/pages\/10365\/revisions"}],"predecessor-version":[{"id":10366,"href":"http:\/\/18.198.46.52\/fr\/wp-json\/wp\/v2\/pages\/10365\/revisions\/10366"}],"wp:attachment":[{"href":"http:\/\/18.198.46.52\/fr\/wp-json\/wp\/v2\/media?parent=10365"}],"curies":[{"name":"wp","href":"https:\/\/api.w.org\/{rel}","templated":true}]}}