{"id":10490,"date":"2024-04-20T14:56:54","date_gmt":"2024-04-20T12:56:54","guid":{"rendered":"http:\/\/shimclinic.es\/?page_id=10490"},"modified":"2024-05-08T13:28:28","modified_gmt":"2024-05-08T11:28:28","slug":"limpiezas-con-tratamiento","status":"publish","type":"page","link":"http:\/\/18.198.46.52\/fr\/limpiezas-con-tratamiento\/","title":{"rendered":"Limpiezas con tratamiento"},"content":{"rendered":"<p>Todos nuestros tratamientos comienzan con una <strong>Limpieza facial profunda con punta de diamante<\/strong>, la microdermoabrasi\u00f3n.<\/p>\n\n\n\n<div style=\"height:47px\" aria-hidden=\"true\" class=\"wp-block-spacer\"><\/div>\n\n\n\n<figure class=\"wp-block-image size-full is-resized\"><img loading=\"lazy\" decoding=\"async\" width=\"596\" height=\"593\" src=\"http:\/\/shimclinic.es\/wp-content\/uploads\/2024\/05\/image-4.png\" alt=\"\" class=\"wp-image-10623\" style=\"width:1065px;height:auto\" srcset=\"http:\/\/18.198.46.52\/wp-content\/uploads\/2024\/05\/image-4.png 596w, http:\/\/18.198.46.52\/wp-content\/uploads\/2024\/05\/image-4-300x298.png 300w, http:\/\/18.198.46.52\/wp-content\/uploads\/2024\/05\/image-4-150x150.png 150w, http:\/\/18.198.46.52\/wp-content\/uploads\/2024\/05\/image-4-12x12.png 12w\" sizes=\"(max-width: 596px) 100vw, 596px\" \/><\/figure>\n\n\n\n<div style=\"height:115px\" aria-hidden=\"true\" class=\"wp-block-spacer\"><\/div>\n\n\n\n<p><\/p>\n\n\n\n<h2 class=\"wp-block-heading\"><strong>Limpieza facial  con Tratamiento CVITAL<\/strong><\/h2>\n\n\n\n<p>Fomenta el bienestar a trav\u00e9s de un confort extremo durante y despu\u00e9s del tratamiento, aportando <strong>luminosidad y vitalidad de inmediato.<\/strong><\/p>\n\n\n\n<p>Biological Triple-Antioxidant Protector de CVITAL es sin duda el primer escal\u00f3n dentro del cuidado facial profesional. <strong>Revitaliza, oxigena e ilumina <\/strong>la piel desde la primera aplicaci\u00f3n del tratamiento. Y adem\u00e1s de ofrecer incre\u00edbles resultados por s\u00ed mismo, prepara la piel del paciente, mejorando su receptividad para la aplicaci\u00f3n de tratamientos antiedad posteriores.<\/p>\n\n\n<div class=\"wp-block-image\">\n<figure class=\"alignright size-full\"><img loading=\"lazy\" decoding=\"async\" width=\"550\" height=\"330\" src=\"http:\/\/shimclinic.es\/wp-content\/uploads\/2024\/05\/image.png\" alt=\"\" class=\"wp-image-10585\" srcset=\"http:\/\/18.198.46.52\/wp-content\/uploads\/2024\/05\/image.png 550w, http:\/\/18.198.46.52\/wp-content\/uploads\/2024\/05\/image-300x180.png 300w, http:\/\/18.198.46.52\/wp-content\/uploads\/2024\/05\/image-18x12.png 18w\" sizes=\"(max-width: 550px) 100vw, 550px\" \/><\/figure><\/div>\n\n\n<p>&nbsp;\u00bfCU\u00c1NDO LO UTILIZAMOS? <\/p>\n\n\n\n<p>En pieles&#8230;<\/p>\n\n\n\n<p>&nbsp;<\/p>\n\n\n\n<ul>\n<li>Que se muestren desvitalizadas, con p\u00e9rdida de <strong>elasticidad, firmeza y luminosidad.<\/strong><\/li>\n\n\n\n<li>Que, aun siendo j\u00f3venes, tengan como objetivo <strong>revitalizarse<\/strong>, previniendo el envejecimiento prematuro y activando la <strong>s\u00edntesis de col\u00e1geno.<\/strong><\/li>\n\n\n\n<li>Que hayan estado expuestas de manera excesiva al sol.<\/li>\n\n\n\n<li>Que nunca se hayan tratado profesionalmente y\/o en domicilio.<\/li>\n\n\n\n<li>Que deseen prevenir el da\u00f1o con anterioridad a la exposici\u00f3n solar o a cambios de temperatura.<\/li>\n\n\n\n<li>De personas fumadoras o con h\u00e1bitos que estimulen la formaci\u00f3n de <strong>radicales libres<\/strong> de ox\u00edgeno.<\/li>\n\n\n\n<li>Da\u00f1adas que precisen restablecerse, para posteriormente someterse a tratamientos <strong>antiedad m\u00e1s intensivos.<\/strong><\/li>\n<\/ul>\n\n\n\n<div style=\"height:115px\" aria-hidden=\"true\" class=\"wp-block-spacer\"><\/div>\n\n\n\n<h2 class=\"wp-block-heading\"><strong>Limpieza facial  con Tratamiento EXCELLENCE<\/strong><\/h2>\n\n\n\n<p>Con un gran poder reparador, este tratamiento es en la elecci\u00f3n perfecta para tratar la <strong>densidad cut\u00e1nea, la elasticidad, la firmeza y la falta de nutrici\u00f3n.<\/strong><\/p>\n\n\n\n<p>&nbsp;\u00bfCU\u00c1NDO LO UTILIZAMOS?<\/p>\n\n\n<div class=\"wp-block-image\">\n<figure class=\"alignright size-full is-resized\"><img loading=\"lazy\" decoding=\"async\" width=\"800\" height=\"516\" src=\"http:\/\/shimclinic.es\/wp-content\/uploads\/2024\/05\/COMPLEX-ACTIVATOR-EXCELLENCE.png\" alt=\"\" class=\"wp-image-10598\" style=\"width:453px;height:auto\" srcset=\"http:\/\/18.198.46.52\/wp-content\/uploads\/2024\/05\/COMPLEX-ACTIVATOR-EXCELLENCE.png 800w, http:\/\/18.198.46.52\/wp-content\/uploads\/2024\/05\/COMPLEX-ACTIVATOR-EXCELLENCE-300x194.png 300w, http:\/\/18.198.46.52\/wp-content\/uploads\/2024\/05\/COMPLEX-ACTIVATOR-EXCELLENCE-768x495.png 768w, http:\/\/18.198.46.52\/wp-content\/uploads\/2024\/05\/COMPLEX-ACTIVATOR-EXCELLENCE-18x12.png 18w\" sizes=\"(max-width: 800px) 100vw, 800px\" \/><\/figure><\/div>\n\n\n<p>En pieles maduras que precisen un tratamiento global antiedad.<\/p>\n\n\n\n<ul>\n<li>En pacientes que deseen retrasar el envejecimiento cut\u00e1neo.<\/li>\n\n\n\n<li>En pieles acostumbradas a recibir tratamientos faciales o a los activos antiedad m\u00e1s utilizados del mercado, y precisen aportar un tratamiento novedoso a su piel.<\/li>\n\n\n\n<li>En casos que presenten fotoda\u00f1o significativo.<\/li>\n\n\n\n<li>En pacientes que precisen un tratamiento de acci\u00f3n profunda antes de exponerse a cambios de temperatura, radiaci\u00f3n solar y otras agresiones.<\/li>\n<\/ul>\n\n\n\n<div style=\"height:115px\" aria-hidden=\"true\" class=\"wp-block-spacer\"><\/div>\n\n\n\n<h2 class=\"wp-block-heading\"><strong>Limpieza facial con Tratamiento LIFT THERAPY<\/strong><\/h2>\n\n\n\n<p>\u00bfTe preocupa la p\u00e9rdida de firmeza en tu piel? Esta es una de las principales causas del aspecto envejecido del rostro, por ello la l\u00ednea Lift Therapy conjuga una eficaz combinaci\u00f3n de <strong>activos reafirmantes de \u00faltima generaci\u00f3n<\/strong>, para que la firmeza del rostro, sea tu orgullo y no tu preocupaci\u00f3n.<\/p>\n\n\n\n<p>&nbsp;\u00bfCU\u00c1NDO LO UTILIZAMOS?<\/p>\n\n\n<div class=\"wp-block-image\">\n<figure class=\"alignleft size-full is-resized\"><img loading=\"lazy\" decoding=\"async\" width=\"977\" height=\"587\" src=\"http:\/\/shimclinic.es\/wp-content\/uploads\/2024\/05\/image-3.png\" alt=\"\" class=\"wp-image-10603\" style=\"width:599px;height:auto\" srcset=\"http:\/\/18.198.46.52\/wp-content\/uploads\/2024\/05\/image-3.png 977w, http:\/\/18.198.46.52\/wp-content\/uploads\/2024\/05\/image-3-300x180.png 300w, http:\/\/18.198.46.52\/wp-content\/uploads\/2024\/05\/image-3-768x461.png 768w, http:\/\/18.198.46.52\/wp-content\/uploads\/2024\/05\/image-3-18x12.png 18w\" sizes=\"(max-width: 977px) 100vw, 977px\" \/><\/figure><\/div>\n\n\n<ul>\n<li>Cuando necesites devolver la firmeza y elasticidad a pieles afectadas por la p\u00e9rdida de peso, el estr\u00e9s, h\u00e1bitos de vida nocivos y\/o exposici\u00f3n solar excesiva.<\/li>\n\n\n\n<li>Cuando el objetivo sea prolongar los resultados de una cirug\u00eda est\u00e9tica facial, tratamiento m\u00e9dico-est\u00e9tico de remodelaci\u00f3n facial total o parcial, e incluso combinado con toxina botul\u00ednica.<\/li>\n\n\n\n<li>Como m\u00e9todo preventivo ante p\u00e9rdidas de peso controladas, cronoenvejecimiento o situaciones de estr\u00e9s.<\/li>\n\n\n\n<li>Como programa de shock para personas que presenten signos visibles de envejecimiento facial y muestren una piel con p\u00e9rdida de firmeza y elasticidad.<\/li>\n\n\n\n<li>En combinaci\u00f3n con Wrinkle Attack Program de Vital Age o con Biological Triple-Antioxidant Protector, para potenciar el efecto antiedad.<\/li>\n\n\n\n<li>Posteriormente a un tratamiento de mesoterapia facial infiltrada en rostro y cuello.<\/li>\n<\/ul>\n\n\n\n<p>Potente combinaci\u00f3n de p\u00e9ptidos tensores que act\u00faan sobre la contracci\u00f3n muscular, gracias a su efecto similar a la toxina botul\u00ednica y el veneno de serpiente. Por una parte, relajan el m\u00fasculo, ofreciendo un resultado visible instant\u00e1neo disminuyendo la percepci\u00f3n de la arruga. Mientras que, por otro lado, evitan la aparici\u00f3n de nuevas arrugas de expresi\u00f3n y el agravamiento de las actuales.<\/p>\n\n\n\n<div style=\"height:115px\" aria-hidden=\"true\" class=\"wp-block-spacer\"><\/div>\n\n\n\n<p><\/p>\n\n\n\n<h2 class=\"wp-block-heading\"><strong>Limpieza facial con Tratamiento RETINOL<\/strong><\/h2>\n\n\n\n<p>L\u00ednea<strong>&nbsp;DERMIC+ PROFESIONAL<\/strong> de Atache<\/p>\n\n\n\n<p>                                                                                                                           \u00bfCU\u00c1NDO LO UTILIZAMOS?<\/p>\n\n\n<div class=\"wp-block-image\">\n<figure class=\"alignleft size-full is-resized\"><img loading=\"lazy\" decoding=\"async\" width=\"792\" height=\"658\" src=\"http:\/\/shimclinic.es\/wp-content\/uploads\/2024\/05\/DERMIC_fotitolinea-1.png\" alt=\"\" class=\"wp-image-10618\" style=\"width:605px;height:auto\" srcset=\"http:\/\/18.198.46.52\/wp-content\/uploads\/2024\/05\/DERMIC_fotitolinea-1.png 792w, http:\/\/18.198.46.52\/wp-content\/uploads\/2024\/05\/DERMIC_fotitolinea-1-300x249.png 300w, http:\/\/18.198.46.52\/wp-content\/uploads\/2024\/05\/DERMIC_fotitolinea-1-768x638.png 768w, http:\/\/18.198.46.52\/wp-content\/uploads\/2024\/05\/DERMIC_fotitolinea-1-14x12.png 14w\" sizes=\"(max-width: 792px) 100vw, 792px\" \/><\/figure><\/div>\n\n\n<ul>\n<li>Cuando deseemos realizar una exfoliaci\u00f3n qu\u00edmica.<\/li>\n\n\n\n<li>Como paso previo a la aplicaci\u00f3n de tratamientos de cabina, con el fin de potenciar sus resultados.<\/li>\n\n\n\n<li>Como aclarante en casos de pigmentaci\u00f3n facial.<\/li>\n\n\n\n<li>Para resolver irregularidades d\u00e9rmicas como imperfecciones, acn\u00e9, etc.<\/li>\n\n\n\n<li>Para reducir los signos visibles de la edad, como arrugas y l\u00edneas de expresi\u00f3n.<\/li>\n\n\n\n<li>Para luchar contra la p\u00e9rdida de elasticidad y firmeza.<\/li>\n\n\n\n<li>Para tratar erosiones como cicatrices, marcas de acn\u00e9, etc.<\/li>\n\n\n\n<li>Para reducir los efectos de una exposici\u00f3n solar excesiva.<\/li>\n<\/ul>\n\n\n\n<h4 class=\"wp-block-heading\">Es un tratamiento para reducir l\u00edneas de expresi\u00f3n<\/h4>\n\n\n\n<p>Se trata de un peeling qu\u00edmico de uso profesional con acci\u00f3n antiedad. Adem\u00e1s de la garantizar la exfoliaci\u00f3n, tiene efecto antioxidante. Cuenta con acci\u00f3n sobre la tirosina (enzima relacionada con la proliferaci\u00f3n de pigmentaciones) y ofrece protecci\u00f3n al ADN Celular. Un peeling ideal para reducir los signos visibles de la edad, devolver al rostro su luminosidad y firmeza, a trav\u00e9s del est\u00edmulo de las fibras de col\u00e1geno y elastina.<\/p>\n\n\n\n<p><strong>COMPOSICI\u00d3N:<\/strong><br>\u00c1cido glic\u00f3lico 7,5%<br>\u00c1cido fer\u00falico 3%<br>\u00c1cido c\u00edtrico 2,5%<br>\u00c1cido l\u00e1ctico 2,5%<br>Retinol 0,2%<br>*pH: 3,5<\/p>\n\n\n\n<p>Para complementar su acci\u00f3n, la l\u00ednea incorpora un sellador formulado a base de <strong>Retinol puro<\/strong> libre y liposomado, Intensifier Supreme, que, gracias a la nanotecnolog\u00eda utilizada en su creaci\u00f3n, cuenta una f\u00f3rmula de gran estabilidad, y una penetraci\u00f3n profunda y equilibrada de sus activos.<\/p>\n\n\n\n<p><\/p>","protected":false},"excerpt":{"rendered":"<p>Todos nuestros tratamientos comienzan con una Limpieza facial profunda con punta de diamante, la microdermoabrasi\u00f3n. Limpieza facial con Tratamiento CVITAL Fomenta el bienestar a trav\u00e9s de un confort extremo durante y despu\u00e9s del tratamiento, aportando luminosidad y vitalidad de inmediato. Biological Triple-Antioxidant Protector de CVITAL es sin duda el primer escal\u00f3n dentro del cuidado facial [&hellip;]<\/p>","protected":false},"author":1,"featured_media":0,"parent":0,"menu_order":0,"comment_status":"closed","ping_status":"closed","template":"","meta":{"footnotes":""},"_links":{"self":[{"href":"http:\/\/18.198.46.52\/fr\/wp-json\/wp\/v2\/pages\/10490"}],"collection":[{"href":"http:\/\/18.198.46.52\/fr\/wp-json\/wp\/v2\/pages"}],"about":[{"href":"http:\/\/18.198.46.52\/fr\/wp-json\/wp\/v2\/types\/page"}],"author":[{"embeddable":true,"href":"http:\/\/18.198.46.52\/fr\/wp-json\/wp\/v2\/users\/1"}],"replies":[{"embeddable":true,"href":"http:\/\/18.198.46.52\/fr\/wp-json\/wp\/v2\/comments?post=10490"}],"version-history":[{"count":31,"href":"http:\/\/18.198.46.52\/fr\/wp-json\/wp\/v2\/pages\/10490\/revisions"}],"predecessor-version":[{"id":10631,"href":"http:\/\/18.198.46.52\/fr\/wp-json\/wp\/v2\/pages\/10490\/revisions\/10631"}],"wp:attachment":[{"href":"http:\/\/18.198.46.52\/fr\/wp-json\/wp\/v2\/media?parent=10490"}],"curies":[{"name":"wp","href":"https:\/\/api.w.org\/{rel}","templated":true}]}}