{"id":10680,"date":"2025-10-07T10:38:01","date_gmt":"2025-10-07T08:38:01","guid":{"rendered":"https:\/\/shimclinic.es\/?page_id=10680"},"modified":"2025-10-07T11:01:38","modified_gmt":"2025-10-07T09:01:38","slug":"morpheus-8","status":"publish","type":"page","link":"http:\/\/18.198.46.52\/fr\/servicios\/aparatologia\/morpheus-8\/","title":{"rendered":"Morpheus 8"},"content":{"rendered":"<div class=\"vc_row wpb_row vc_row-fluid\"><div class=\"wpb_column vc_column_container vc_col-sm-12\"><div class=\"vc_column-inner\"><div class=\"wpb_wrapper\">\n\t<div class=\"wpb_text_column wpb_content_element\" >\n\t\t<div class=\"wpb_wrapper\">\n\t\t\t<h2><b>Radiofrecuencia fraccionada para rejuvenecer la piel y reducir la flaccidez <\/b><b>corporal y facial<\/b><\/h2>\n\n\t\t<\/div>\n\t<\/div>\n<\/div><\/div><\/div><\/div><div class=\"vc_row wpb_row vc_row-fluid\"><div class=\"wpb_column vc_column_container vc_col-sm-8\"><div class=\"vc_column-inner\" style=\" text-align:left; \"><div class=\"wpb_wrapper\">\n\t<div class=\"wpb_text_column wpb_content_element\" >\n\t\t<div class=\"wpb_wrapper\">\n\t\t\t<p>Mospheus 8 es la tecnolog\u00eda avanzada de radiofrecuencia Fraccionada de Shim Cl\u00ednic con la que mejorar\u00e1s tu aspecto facial y corporal. Esta tecnolog\u00eda consigue recuperar la firmeza de la piel, mejorar su apariencia y eliminar grasa localizada sin recurrir al quir\u00f3fano.<\/p>\n<p><!-- \/wp:paragraph --><!-- wp:paragraph -->Morpheus 8 es un\u00a0<strong>dispositivo de radiofrecuencia fraccionada intrad\u00e9rmica<\/strong>\u00a0capaz de actuar sobre el tejido subd\u00e9rmico facial y corporal. \u00danico en el mundo y en el sector de la medicina est\u00e9tica.<\/p>\n<p><!-- \/wp:paragraph --><!-- wp:paragraph -->La combinaci\u00f3n y el uso de dos tecnolog\u00edas, la radiofrecuencia y el sistema de microagujas, ayuda a\u00a0<strong>generar nuevas fibras de col\u00e1geno en las capas m\u00e1s profundas de la piel<\/strong>, tratar la celulitis, eliminar la grasa localizada y conseguir un aspecto m\u00e1s joven y terso.<\/p>\n<p><!-- \/wp:paragraph --><!-- wp:paragraph -->A trav\u00e9s de sus aplicadores de microagujas intercambiables, el Morpheus 8 es capaz de\u00a0<strong>penetrar en el tejido subd\u00e9rmico<\/strong>\u00a0hasta coagular la grasa y tensar la zona tratada.<strong>\u00a0Procedimiento no quir\u00fargico<\/strong>\u00a0con una t\u00e9cnica segura y efectiva.No afecta ni da\u00f1a a la dermis. Personalizaci\u00f3n absoluta del tratamiento en funci\u00f3n de la zona a tratar y el efecto a conseguir.<\/p>\n<h3><!-- \/wp:paragraph --><!-- wp:paragraph --><strong>EFECTOS:<\/strong><\/h3>\n<p><!-- wp:list --><\/p>\n<ul>\n<li style=\"list-style-type: none;\">\n<ul><!-- wp:list-item --><\/p>\n<li><strong>Reduce la flacidez facial y las irregularidades<\/strong>\u00a0en la superficie de la piel.<\/li>\n<li><!-- wp:list-item --><strong>Elimina los ac\u00famulos de grasa<\/strong>\u00a0localizada sin cirug\u00eda.<\/li>\n<li><!-- wp:list-item -->Combate la flacidez facial y cervical.<\/li>\n<li><!-- wp:list-item -->Mejora visible de la\u00a0<strong>flacidez facial y corporal<\/strong>\u00a0de la peau.<\/li>\n<li><!-- wp:list-item --><strong>Aten\u00faa la celulitis<\/strong>\u00a0o piel de naranja.<\/li>\n<li><!-- wp:list-item -->Piel tersa, uniforme y lisa.<\/li>\n<li><!-- wp:list-item --><strong>Elimina las cicatrices de acn\u00e9<\/strong>.<\/li>\n<li><!-- wp:list-item -->Tensado de la piel y\u00a0<strong>mejora de las arrugas finas y l\u00edneas de expresi\u00f3n<\/strong>.<\/li>\n<li><!-- wp:list-item --><strong>Procedimiento no quir\u00fargico<\/strong>\u00a0con una t\u00e9cnica segura y efectiva.<\/li>\n<li><!-- wp:list-item --><strong>Resultados uniformes, permanentes y visibles<\/strong>\u00a0desde la primera semana de la sesi\u00f3n.<\/li>\n<\/ul>\n<\/li>\n<\/ul>\n<p><!-- \/wp:list-item --><\/p>\n<h3><em>ZONAS DE APLICACI\u00d3N DE MORPHEUS 8<\/em><!-- \/wp:heading --><\/h3>\n<h4><!-- wp:paragraph --><strong>Facial:<\/strong><\/h4>\n<p><!-- \/wp:paragraph --><!-- wp:list --><\/p>\n<ul>\n<li style=\"list-style-type: none;\">\n<ul><!-- wp:list-item --><\/p>\n<li>Cara en toda su extensi\u00f3n.<\/li>\n<li><!-- wp:list-item -->Labio superior<\/li>\n<li><!-- wp:list-item -->Zona periorbital de los ojos.<\/li>\n<li><!-- wp:list-item -->Papada<\/li>\n<\/ul>\n<\/li>\n<\/ul>\n<h4><!-- wp:paragraph --><strong>Corporal:<\/strong><\/h4>\n<ul>\n<li style=\"list-style-type: none;\">\n<ul>\n<li>Cuello<\/li>\n<li><!-- wp:list-item -->Escote<\/li>\n<li><!-- wp:list-item -->Brazos<\/li>\n<li><!-- wp:list-item -->Abdomen<\/li>\n<li><!-- wp:list-item -->Gl\u00fateos<\/li>\n<li><!-- wp:list-item -->Flancos<\/li>\n<li><!-- wp:list-item -->Cartucheras<\/li>\n<li><!-- wp:list-item -->Rodillas<\/li>\n<\/ul>\n<\/li>\n<\/ul>\n\n\t\t<\/div>\n\t<\/div>\n<\/div><\/div><\/div><div class=\"wpb_column vc_column_container vc_col-sm-4\"><div class=\"vc_column-inner\"><div class=\"wpb_wrapper\">\n\t<div  class=\"wpb_single_image wpb_content_element vc_align_left\">\n\t\t\n\t\t<figure class=\"wpb_wrapper vc_figure\">\n\t\t\t<div class=\"vc_single_image-wrapper   vc_box_border_grey\"><img loading=\"lazy\" decoding=\"async\" width=\"300\" height=\"144\" src=\"http:\/\/18.198.46.52\/wp-content\/uploads\/2025\/10\/Captura-de-pantalla-2025-10-02-173220-300x144.png\" class=\"vc_single_image-img attachment-medium\" alt=\"\" srcset=\"http:\/\/18.198.46.52\/wp-content\/uploads\/2025\/10\/Captura-de-pantalla-2025-10-02-173220-300x144.png 300w, http:\/\/18.198.46.52\/wp-content\/uploads\/2025\/10\/Captura-de-pantalla-2025-10-02-173220-1024x490.png 1024w, http:\/\/18.198.46.52\/wp-content\/uploads\/2025\/10\/Captura-de-pantalla-2025-10-02-173220-768x368.png 768w, http:\/\/18.198.46.52\/wp-content\/uploads\/2025\/10\/Captura-de-pantalla-2025-10-02-173220-18x9.png 18w, http:\/\/18.198.46.52\/wp-content\/uploads\/2025\/10\/Captura-de-pantalla-2025-10-02-173220.png 1059w\" sizes=\"(max-width: 300px) 100vw, 300px\" \/><\/div>\n\t\t<\/figure>\n\t<\/div>\n<\/div><\/div><\/div><\/div><div class=\"vc_row wpb_row vc_row-fluid\"><div class=\"wpb_column vc_column_container vc_col-sm-12\"><div class=\"vc_column-inner\"><div class=\"wpb_wrapper\"><a href='https:\/\/inmodemd.es\/technologies\/morpheus8\/' target='_self' title='M\u00e1s informaci\u00f3n: INMODE | Morpheus8' class='dt-sc-button   medium' > M\u00e1s informaci\u00f3n: INMODE | Morpheus8 <\/a><\/div><\/div><\/div><\/div>","protected":false},"excerpt":{"rendered":"Radiofrecuencia fraccionada para rejuvenecer la piel y reducir la flaccidez corporal y facial Mospheus 8 es la tecnolog\u00eda avanzada de radiofrecuencia Fraccionada de Shim Cl\u00ednic con la que mejorar\u00e1s tu aspecto facial y corporal. Esta tecnolog\u00eda consigue recuperar la firmeza de la piel, mejorar su apariencia y eliminar grasa localizada sin recurrir al quir\u00f3fano. Morpheus [...]","protected":false},"author":1,"featured_media":0,"parent":9625,"menu_order":0,"comment_status":"closed","ping_status":"closed","template":"","meta":{"footnotes":""},"_links":{"self":[{"href":"http:\/\/18.198.46.52\/fr\/wp-json\/wp\/v2\/pages\/10680"}],"collection":[{"href":"http:\/\/18.198.46.52\/fr\/wp-json\/wp\/v2\/pages"}],"about":[{"href":"http:\/\/18.198.46.52\/fr\/wp-json\/wp\/v2\/types\/page"}],"author":[{"embeddable":true,"href":"http:\/\/18.198.46.52\/fr\/wp-json\/wp\/v2\/users\/1"}],"replies":[{"embeddable":true,"href":"http:\/\/18.198.46.52\/fr\/wp-json\/wp\/v2\/comments?post=10680"}],"version-history":[{"count":9,"href":"http:\/\/18.198.46.52\/fr\/wp-json\/wp\/v2\/pages\/10680\/revisions"}],"predecessor-version":[{"id":10695,"href":"http:\/\/18.198.46.52\/fr\/wp-json\/wp\/v2\/pages\/10680\/revisions\/10695"}],"up":[{"embeddable":true,"href":"http:\/\/18.198.46.52\/fr\/wp-json\/wp\/v2\/pages\/9625"}],"wp:attachment":[{"href":"http:\/\/18.198.46.52\/fr\/wp-json\/wp\/v2\/media?parent=10680"}],"curies":[{"name":"wp","href":"https:\/\/api.w.org\/{rel}","templated":true}]}}