{"id":10689,"date":"2025-10-07T10:48:03","date_gmt":"2025-10-07T08:48:03","guid":{"rendered":"https:\/\/shimclinic.es\/?page_id=10689"},"modified":"2025-10-07T11:02:05","modified_gmt":"2025-10-07T09:02:05","slug":"empowerrf","status":"publish","type":"page","link":"http:\/\/18.198.46.52\/fr\/servicios\/aparatologia\/empowerrf\/","title":{"rendered":"EmpowerRF"},"content":{"rendered":"<div class=\"vc_row wpb_row vc_row-fluid\"><div class=\"wpb_column vc_column_container vc_col-sm-12\"><div class=\"vc_column-inner\"><div class=\"wpb_wrapper\">\n\t<div class=\"wpb_text_column wpb_content_element\" >\n\t\t<div class=\"wpb_wrapper\">\n\t\t\t<h2>EmpowerRF destinada a la salud \u00edntima femenina desde un enfoque funcional, est\u00e9tico y respetuoso con cada etapa de la vida de la mujer.<\/h2>\n\n\t\t<\/div>\n\t<\/div>\n<\/div><\/div><\/div><\/div><div class=\"vc_row wpb_row vc_row-fluid\"><div class=\"wpb_column vc_column_container vc_col-sm-8\"><div class=\"vc_column-inner\"><div class=\"wpb_wrapper\">\n\t<div class=\"wpb_text_column wpb_content_element\" >\n\t\t<div class=\"wpb_wrapper\">\n\t\t\t<p>EmpowerRF\u00a0 permite tratar una amplia gama de problemas \u00edntimos femeninos como la incontinencia y la debilidad del suelo p\u00e9lvico con soluciones m\u00ednimamente invasivas y totalmente efectivas.<\/p>\n<p>EmpowerRF es una plataforma multifuncional que proporciona tratamientos revolucionarios que mejoran la salud \u00edntima femenina:<\/p>\n<p>Es la soluci\u00f3n m\u00e9dica m\u00e1s avanzada que dispone de varias tecnolog\u00edas, incluyendo coagulaci\u00f3n fraccionada, calentamiento subnecr\u00f3tico y estimulaci\u00f3n muscular para tratar una amplio espectro de condiciones, como la circulaci\u00f3n sangu\u00ednea, alivio del dolor, un suelo p\u00e9lvico debilitado, incontinencia urinaria de estr\u00e9s, urgencia y mixta, entre otras:<\/p>\n<p>VTONE: Estimulaci\u00f3n muscular vaginal para fortalecer el piso p\u00e9lvico.<\/p>\n<p>FORMA V: Rejuvenecimiento vaginal sin dolor. Radiofrecuencia de la vulva y vagina para mejorar la apariencia, lubricaci\u00f3n y flujo de sangre en el \u00e1rea genital.<\/p>\n<p>MORPHEUS V: Radiofrecuencia + microagujas para mejorar la flaccidez, la lubricaci\u00f3n y la incontinencia urinaria.<\/p>\n<p>PRINCIPALES VENTAJAS Incluye varias energ\u00edas complementarias:<\/p>\n<ul>\n<li>Estimulaci\u00f3n el\u00e9ctrica muscular (EMS) intravaginal<\/li>\n<li>Coagulaci\u00f3n fraccionada subepitelial<\/li>\n<li>Permite realizar terapias seguras, eficaces y focalizadas<\/li>\n<li>Radiofrecuencia bipolar<\/li>\n<li>Sin cirug\u00eda<\/li>\n<\/ul>\n\n\t\t<\/div>\n\t<\/div>\n<\/div><\/div><\/div><div class=\"wpb_column vc_column_container vc_col-sm-4\"><div class=\"vc_column-inner\"><div class=\"wpb_wrapper\">\n\t<div  class=\"wpb_single_image wpb_content_element vc_align_left\">\n\t\t\n\t\t<figure class=\"wpb_wrapper vc_figure\">\n\t\t\t<div class=\"vc_single_image-wrapper   vc_box_border_grey\"><img loading=\"lazy\" decoding=\"async\" width=\"300\" height=\"298\" src=\"http:\/\/18.198.46.52\/wp-content\/uploads\/2025\/10\/Captura-de-pantalla-2025-10-02-174135-300x298.png\" class=\"vc_single_image-img attachment-medium\" alt=\"\" srcset=\"http:\/\/18.198.46.52\/wp-content\/uploads\/2025\/10\/Captura-de-pantalla-2025-10-02-174135-300x298.png 300w, http:\/\/18.198.46.52\/wp-content\/uploads\/2025\/10\/Captura-de-pantalla-2025-10-02-174135-150x150.png 150w, http:\/\/18.198.46.52\/wp-content\/uploads\/2025\/10\/Captura-de-pantalla-2025-10-02-174135-12x12.png 12w, http:\/\/18.198.46.52\/wp-content\/uploads\/2025\/10\/Captura-de-pantalla-2025-10-02-174135.png 525w\" sizes=\"(max-width: 300px) 100vw, 300px\" \/><\/div>\n\t\t<\/figure>\n\t<\/div>\n<\/div><\/div><\/div><\/div><div class=\"vc_row wpb_row vc_row-fluid\"><div class=\"wpb_column vc_column_container vc_col-sm-12\"><div class=\"vc_column-inner\"><div class=\"wpb_wrapper\"><a href='https:\/\/inmodemd.es\/wp-content\/uploads\/2024\/11\/Plataforma-EmpowerRF-By-InMode.pdf' target='_self' title='M\u00e1s informaci\u00f3n: INMODE|EmpowerRF' class='dt-sc-button   medium' > M\u00e1s informaci\u00f3n: INMODE | EmpowerRF <\/a><\/div><\/div><\/div><\/div>","protected":false},"excerpt":{"rendered":"EmpowerRF destinada a la salud \u00edntima femenina desde un enfoque funcional, est\u00e9tico y respetuoso con cada etapa de la vida de la mujer. EmpowerRF\u00a0 permite tratar una amplia gama de problemas \u00edntimos femeninos como la incontinencia y la debilidad del suelo p\u00e9lvico con soluciones m\u00ednimamente invasivas y totalmente efectivas. EmpowerRF es una plataforma multifuncional que [...]","protected":false},"author":1,"featured_media":0,"parent":9625,"menu_order":0,"comment_status":"closed","ping_status":"closed","template":"","meta":{"footnotes":""},"_links":{"self":[{"href":"http:\/\/18.198.46.52\/fr\/wp-json\/wp\/v2\/pages\/10689"}],"collection":[{"href":"http:\/\/18.198.46.52\/fr\/wp-json\/wp\/v2\/pages"}],"about":[{"href":"http:\/\/18.198.46.52\/fr\/wp-json\/wp\/v2\/types\/page"}],"author":[{"embeddable":true,"href":"http:\/\/18.198.46.52\/fr\/wp-json\/wp\/v2\/users\/1"}],"replies":[{"embeddable":true,"href":"http:\/\/18.198.46.52\/fr\/wp-json\/wp\/v2\/comments?post=10689"}],"version-history":[{"count":2,"href":"http:\/\/18.198.46.52\/fr\/wp-json\/wp\/v2\/pages\/10689\/revisions"}],"predecessor-version":[{"id":10693,"href":"http:\/\/18.198.46.52\/fr\/wp-json\/wp\/v2\/pages\/10689\/revisions\/10693"}],"up":[{"embeddable":true,"href":"http:\/\/18.198.46.52\/fr\/wp-json\/wp\/v2\/pages\/9625"}],"wp:attachment":[{"href":"http:\/\/18.198.46.52\/fr\/wp-json\/wp\/v2\/media?parent=10689"}],"curies":[{"name":"wp","href":"https:\/\/api.w.org\/{rel}","templated":true}]}}