{"id":268,"date":"2016-03-19T07:13:59","date_gmt":"2016-03-19T06:13:59","guid":{"rendered":"http:\/\/dummy.wedesignthemes.com\/onelife\/?page_id=268"},"modified":"2022-01-10T10:04:26","modified_gmt":"2022-01-10T09:04:26","slug":"politica-privacidad","status":"publish","type":"page","link":"http:\/\/18.198.46.52\/fr\/politica-privacidad\/","title":{"rendered":"Pol\u00edtica de privacidad"},"content":{"rendered":"<p>Este texto legal le da detalles de c\u00f3mo recopilamos y procesamos sus datos personales a trav\u00e9s del uso de nuestro sitio web (WEB), incluyendo cualquier informaci\u00f3n que pueda proporcionarnos a trav\u00e9s del sitio cuando realiza la contrataci\u00f3n de un servicio, se registra a nuestro bolet\u00edn informativo o proporciona sus datos de contacto a trav\u00e9s del formulario habilitado para tal fin.&nbsp;<\/p>\n\n\n\n<p>Al proporcionarnos los datos, le informamos que nuestros servicios no son posibles para aquellas personas que la normativa les impide prestar consentimiento, por lo que cuando nos remite los formularios nos garantiza que tiene la capacidad suficiente para otorgar consentimiento.&nbsp;<\/p>\n\n\n\n<ol><li><strong>Responsable del tratamiento.<\/strong><\/li><\/ol>\n\n\n\n<p>Datos de contacto del responsable: CL\u00cdNICA TECNOL\u00c1SER CEUTA, S.L., con CIF: B01928274 y domicilio en: Calle Galea n\u00ba 6, ACC-1, 51001 Ceuta y tel\u00e9fono: 951 41 00 63. Email: info@shimclinic.es<\/p>\n\n\n\n<p>Registro Mercantil de Ceuta el 15 de septiembre del 2020, Tomo 131, Folio 54, Secci\u00f3n 8, Hoja CE3401, Inscripci\u00f3n 1\u00aa.<\/p>\n\n\n\n<p>CL\u00cdNICA TECNOL\u00c1SER CEUTA, S.L., es el responsable de sus datos. (En adelante nosotros o nuestro).<\/p>\n\n\n\n<p>2. <strong>\u00bfQu\u00e9&nbsp;datos recopilamos?&nbsp;<\/strong><\/p>\n\n\n\n<p>El Reglamento General de Protecci\u00f3n de Datos, nos dice que&nbsp;<strong>dato personal<\/strong>&nbsp;es toda informaci\u00f3n sobre una persona f\u00edsica identificada o identificable, es decir toda la informaci\u00f3n capaz de identificar a una persona. Esto no incluir\u00eda los datos an\u00f3nimos, ni porcentuales.&nbsp;<\/p>\n\n\n\n<p>En nuestra Web podemos procesar ciertos tipos de datos personales, que podr\u00e1n incluir:<\/p>\n\n\n\n<ul><li>Datos de identidad: nombre.<\/li><li>Datos de contacto: email.<\/li><li>Datos de uso: informaci\u00f3n sobre como usa nuestra web, productos y servicios.&nbsp;<\/li><\/ul>\n\n\n\n<p>No recopilamos ning\u00fan dato relativo a categor\u00edas especiales de datos personales (aquellos que desvelen su origen&nbsp;\u00e9tnico o racial, las opiniones pol\u00edticas, las convicciones religiosas o filos\u00f3ficas, la afiliaci\u00f3n sindical e informaci\u00f3n sobre su salud, datos gen\u00e9ticos o biom\u00e9tricos).&nbsp;<\/p>\n\n\n\n<p>En caso de que se le solicite recopilar datos personales por ley o seg\u00fan los t\u00e9rminos de contrataci\u00f3n entre nosotros y te niegues a facilit\u00e1rnoslos, es posible que no podamos realizar dicho contrato o prestar el servicio, debiendo comunic\u00e1rnoslo con antelaci\u00f3n.&nbsp;&nbsp;<\/p>\n\n\n\n<p>3. <strong>\u00bfC\u00f3mo recopilamos sus datos personales?<\/strong><\/p>\n\n\n\n<p>Los medios que usamos para recopilar datos personales son:<\/p>\n\n\n\n<ul><li><strong>A trav<\/strong><strong>\u00e9<\/strong><strong>s del formulario de nuestra p<\/strong><strong>\u00e1<\/strong><strong>gina web, a trav<\/strong><strong>\u00e9<\/strong><strong>s de nuestro email de contacto, por tel<\/strong><strong>\u00e9<\/strong><strong>fono o correo postal, cuando:<\/strong><ul><li>Solicita informaci\u00f3n de nuestros productos o servicios.<\/li><\/ul><ul><li>Contrata la prestaci\u00f3n de nuestros servicios o productos.<\/li><\/ul><ul><li>Solicita presupuestos<strong>.<\/strong><\/li><\/ul><\/li><\/ul>\n\n\n\n<p>Para asegurar la calidad de nuestro portal, tenemos que reservamos el&nbsp;<strong>derecho de rechazar cualquier solicitud de registro<\/strong>&nbsp;o bien de suspender o cancelar un registro previamente aceptado si entendemos que no cumple estos requisitos o cualquier otra ley o norma. Si esto ocurre, intentaremos exponer los motivos de nuestra decisi\u00f3n, pero no nos podemos comprometer a hacerlo en todos los casos.<\/p>\n\n\n\n<ul><li><strong>A trav\u00e9s de la tecnolog\u00eda o interacciones automatizadas<\/strong>: en nuestro sitio podemos recopilar autom\u00e1ticamente datos t\u00e9cnicos sobre su equipo, acciones de navegaci\u00f3n y patrones de uso. Estos datos son recopilados a trav\u00e9s de cookies o tecnolog\u00edas similares. Si quiere ampliar la informaci\u00f3n, puede consultar nuestra pol\u00edtica de cookies aqu\u00ed&nbsp;(enlazar)<\/li><\/ul>\n\n\n\n<p>4. <strong>Finalidad y legitimidad para el uso de sus datos.&nbsp;<\/strong><\/p>\n\n\n\n<p>Los usos m\u00e1s comunes de sus datos personales son:<\/p>\n\n\n\n<ul><li>Para la formalizaci\u00f3n de un contrato entre CL\u00cdNICA TECNOL\u00c1SER CEUTA, S.L. y usted.<\/li><li>Cuando preste su consentimiento en el tratamiento de sus datos.<\/li><li>Cuando los necesitemos para dar cumplimiento a una obligaci\u00f3n legal o regulatoria.<\/li><li>Cuando sea necesario para nuestro inter\u00e9s leg\u00edtimo o de un tercero.&nbsp;<\/li><\/ul>\n\n\n\n<p>El Usuario podr\u00e1&nbsp;revocar el consentimiento prestado en cualquier momento enviando un correo a info@shimclinic.es o consultando el apartado de ejercicio de derechos m\u00e1s adelante.<\/p>\n\n\n\n<p>A continuaci\u00f3n, adjuntamos una tabla en la que pueden consultar las formas en las que vamos a utilizar sus datos personales y la legitimidad para su uso, adem\u00e1s de saber qu\u00e9&nbsp;tipo de datos personales vamos a tratar. Podemos procesar alg\u00fan dato personal por alg\u00fan motivo legal adicional, por lo que si necesita detalles al respecto puede enviar un correo electr\u00f3nico a info@shimclinic.es<\/p>\n\n\n\n<figure class=\"wp-block-table\"><table><tbody><tr><td><strong>Finalidad<\/strong><\/td><td><strong>Tipo de datos<\/strong><\/td><td><strong>Legitimidad para su tratamiento<\/strong><\/td><\/tr><tr><td>Para solicitar informaci\u00f3n a trav\u00e9s del formulario de contacto<\/td><td>NombreApellidos<\/td><td>Consentimiento del interesado<\/td><\/tr><\/tbody><\/table><\/figure>\n\n\n\n<p><strong>Comunicaciones comerciales<\/strong>: solo recibir\u00e1&nbsp;comunicaciones si&nbsp;<\/p>\n\n\n\n<ul><li>Nos solicit\u00f3&nbsp;informaci\u00f3n o realiz\u00f3&nbsp;una contrataci\u00f3n con nosotros de un producto o servicio.<\/li><li>Si nos proporcion\u00f3&nbsp;sus datos, aceptando la casilla habilitada al respecto en nuestro formulario.&nbsp;<\/li><li>Siempre y cuando no haya manifestado su voluntad de dejar de recibir dichas comunicaciones.&nbsp;<\/li><\/ul>\n\n\n\n<p>Obtenemos su consentimiento expreso antes de mandarle cualquier comunicaci\u00f3n, pudiendo solicitar en cualquier momento que dejemos de mandarle comunicaciones en el email info@shimclinic.es<\/p>\n\n\n\n<p>Cuando opte por dejar de recibir nuestras comunicaciones, sus datos personales seguir\u00e1n almacenados como resultado de la contrataci\u00f3n realizada por usted para ajustarnos a las exigencias legales.&nbsp;<\/p>\n\n\n\n<p><strong>Finalidad<\/strong>: s\u00f3lo utilizaremos sus datos para los fines para los que los recopilamos, a menos que consideremos razonablemente que debemos usarlo para otro motivo, notific\u00e1ndoselo previamente para que est\u00e9&nbsp;informado del motivo legal de su procesamiento y siempre y cuando el fin sea compatible con el prop\u00f3sito original.&nbsp;<\/p>\n\n\n\n<p><strong>Plazo de conservaci<\/strong><strong>\u00f3<\/strong><strong>n<\/strong>:&nbsp;Se conservar\u00e1n durante el tiempo necesario para cumplir con la finalidad para la que se recabaron y para determinar las posibles responsabilidades que se pudieran derivar de dicha finalidad y del tratamiento de los datos. Ser\u00e1&nbsp;de aplicaci\u00f3n lo dispuesto en las diferentes normativas respecto al plazo de conservaci\u00f3n, en lo que resulte de aplicaci\u00f3n al presente tratamiento.<\/p>\n\n\n\n<p><strong>Datos de los suscriptores por e-mail o formulario<\/strong>: Desde que el usuario se suscribe hasta que se d\u00e9&nbsp;de baja.&nbsp;&nbsp;&nbsp;&nbsp;&nbsp;&nbsp;&nbsp;&nbsp;&nbsp;&nbsp;&nbsp;<\/p>\n\n\n\n<p>5. <strong>Sus Derechos en Protecci\u00f3n de Datos<\/strong><\/p>\n\n\n\n<p><strong>\u00bf<\/strong><strong>C<\/strong><strong>\u00f3<\/strong><strong>mo ejercer dichos derechos?<\/strong>&nbsp;Los usuarios podr\u00e1n dirigir una comunicaci\u00f3n al domicilio social de CL\u00cdNICA TECNOL\u00c1SER CEUTA, S.L. o direcci\u00f3n de correo electr\u00f3nico info@shimclinic.es, incluyendo en ambos casos fotocopia de su D.N.I u otro documento de identificaci\u00f3n similar, para solicitar el ejercicio de los siguientes derechos:<\/p>\n\n\n\n<ul><li><strong><u>Acceso<\/u><\/strong>&nbsp;a sus datos personales: podr\u00e1&nbsp;preguntar a CL\u00cdNICA TECNOL\u00c1SER CEUTA, S.L. si est\u00e1&nbsp;usando sus datos personales.<\/li><li>A solicitar su&nbsp;<strong><u>rectificaci<\/u><\/strong><strong><u>\u00f3<\/u><\/strong><strong><u>n<\/u><\/strong>, si no fuesen correctos, o a ejercer el&nbsp;<strong><u>derecho al olvido<\/u><\/strong>&nbsp;con respecto a los mismos.<\/li><li>A solicitar la&nbsp;<strong><u>limitaci<\/u><\/strong><strong><u>\u00f3<\/u><\/strong><strong><u>n del tratamiento<\/u><\/strong>, en este caso, solo ser\u00e1n conservados por CL\u00cdNICA TECNOL\u00c1SER CEUTA, S.L. para el ejercicio o defensa de reclamaciones<\/li><li>A&nbsp;<strong><u>oponerse<\/u><\/strong>&nbsp;a su tratamiento: CL\u00cdNICA TECNOL\u00c1SER CEUTA, S.L. dejar\u00e1&nbsp;tratar los datos en la forma que nos indiques, salvo que por motivos leg\u00edtimos o para el ejercicio o defensa de posibles reclamaciones, estos deban seguir trat\u00e1ndose.<\/li><li>A la&nbsp;<strong><u>portabilidad&nbsp;<\/u><\/strong>de los datos: en caso de que quieras que sus datos sean tratados por otra firma, CL\u00cdNICA TECNOL\u00c1SER CEUTA, S.L., le facilitar\u00e1&nbsp;la portabilidad de sus datos al nuevo responsable.&nbsp;<\/li><\/ul>\n\n\n\n<p>Podr\u00e1&nbsp;utilizar los modelos puestos a su disposici\u00f3n por la Agencia Espa\u00f1ola de Protecci\u00f3n de Datos, para ejercer sus anteriores derechos:&nbsp;<a href=\"https:\/\/www.aepd.es\/reglamento\/derechos\/index.html\">Aqu\u00ed<\/a><\/p>\n\n\n\n<p>Reclamar ante la AEPD: si considera que hay un problema con la forma en que CL\u00cdNICA TECNOL\u00c1SER CEUTA, S.L. est\u00e1&nbsp;tratando sus datos, podr\u00e1&nbsp;dirigir sus reclamaciones<strong>&nbsp;<\/strong>a la autoridad de control correspondiente, siendo en Espa\u00f1a, la competente para ello:&nbsp;<a href=\"https:\/\/sedeagpd.gob.es\/sede-electronica-web\/vistas\/formNuevaReclamacion\/solicitudReclamacion.jsf;jsessionid=5085E2038B4210818633610065963C3E\">Agencia Espa\u00f1ola de Protecci\u00f3n de Datos.<\/a><\/p>\n\n\n\n<p>Es posible que tengamos que solicitarle informaci\u00f3n espec\u00edfica para ayudarnos a confirmar su identidad y garantizar su derecho a acceder a sus datos personales (o ejercer cualquier otro de los derechos mencionados anteriormente). Esto es una medida de seguridad para garantizar que los datos personales no se revelen a ninguna persona que no tenga derecho a recibirlos.&nbsp;<\/p>\n\n\n\n<p>Todas las solicitudes las solventamos en el plazo legal indicado 1 mes. No obstante, puede llevarnos m\u00e1s de un mes si su solicitud es particularmente compleja, o si ya ha realizado una serie de actuaciones previamente. En este caso, le notificaremos y le mantendremos actualizado.&nbsp;<\/p>\n\n\n\n<p>6. <strong>Cesi\u00f3n de datos personales<\/strong><\/p>\n\n\n\n<p>Es posible que, en el desempe\u00f1o de nuestro trabajo, necesitemos de la ayuda de terceros (encargados de tratamiento), que solo trataran los datos para prestar el servicio contratado, y con los que disponemos de las correspondientes medidas para garantizar sus derechos:<\/p>\n\n\n\n<p>&#8211; Proveedores de servicios que brindan servicios de administraci\u00f3n de sistemas y tecnolog\u00eda de la informaci\u00f3n.<\/p>\n\n\n\n<p>&#8211; Asesores profesionales que incluyen abogados, auditores y aseguradores que brindan servicios de consultor\u00eda bancarios, legales, de seguros y de contabilidad<\/p>\n\n\n\n<p>Todos los encargados de tratamiento a quienes transferimos sus datos respetaran la seguridad de sus datos personales y los trataran de acuerdo al RGPD.&nbsp;<\/p>\n\n\n\n<p>Solo permitimos que dichos encargados traten sus datos para fines determinados y de conformidad con nuestras instrucciones. No obstante, puede solicitarnos, en cumplimiento de la trasparencia un listado de quienes son estas empresas que nos prestan servicios, puede hacerlo al email: info@shimclinic.es<\/p>\n\n\n\n<p>7. <strong>Seguridad de Datos<\/strong><\/p>\n\n\n\n<p>Hemos implementado las medidas de seguridad adecuadas para evitar que sus datos personales se pierdan accidentalmente, se usen o accedan de forma no autorizada, se modifiquen o divulguen. Adem\u00e1s, limitamos el acceso a sus datos personales a aquellos empleados, agentes contratistas y otros terceros que tengan una necesidad comercial de conocer dichos datos. Solo procesar\u00e1n sus datos personales seg\u00fan nuestras instrucciones y estar\u00e1n sujetos a un deber de confidencialidad.&nbsp;<\/p>\n\n\n\n<p>Hemos implementado procedimientos para tratar cualquier sospecha de violaci\u00f3n de sus datos personales y se lo notificaremos a usted y a la Autoridad de Control en caso de que ocurriera, tal como queda regulado en el RGPD en sus art\u00edculos 33 y 34, una brecha de seguridad.&nbsp;<\/p>","protected":false},"excerpt":{"rendered":"<p>Este texto legal le da detalles de c\u00f3mo recopilamos y procesamos sus datos personales a trav\u00e9s del uso de nuestro sitio web (WEB), incluyendo cualquier informaci\u00f3n que pueda proporcionarnos a trav\u00e9s del sitio cuando realiza la contrataci\u00f3n de un servicio, se registra a nuestro bolet\u00edn informativo o proporciona sus datos de contacto a trav\u00e9s del [&hellip;]<\/p>","protected":false},"author":1,"featured_media":0,"parent":0,"menu_order":0,"comment_status":"closed","ping_status":"closed","template":"","meta":{"footnotes":""},"_links":{"self":[{"href":"http:\/\/18.198.46.52\/fr\/wp-json\/wp\/v2\/pages\/268"}],"collection":[{"href":"http:\/\/18.198.46.52\/fr\/wp-json\/wp\/v2\/pages"}],"about":[{"href":"http:\/\/18.198.46.52\/fr\/wp-json\/wp\/v2\/types\/page"}],"author":[{"embeddable":true,"href":"http:\/\/18.198.46.52\/fr\/wp-json\/wp\/v2\/users\/1"}],"replies":[{"embeddable":true,"href":"http:\/\/18.198.46.52\/fr\/wp-json\/wp\/v2\/comments?post=268"}],"version-history":[{"count":3,"href":"http:\/\/18.198.46.52\/fr\/wp-json\/wp\/v2\/pages\/268\/revisions"}],"predecessor-version":[{"id":10126,"href":"http:\/\/18.198.46.52\/fr\/wp-json\/wp\/v2\/pages\/268\/revisions\/10126"}],"wp:attachment":[{"href":"http:\/\/18.198.46.52\/fr\/wp-json\/wp\/v2\/media?parent=268"}],"curies":[{"name":"wp","href":"https:\/\/api.w.org\/{rel}","templated":true}]}}