{"id":9592,"date":"2020-11-24T08:44:30","date_gmt":"2020-11-24T07:44:30","guid":{"rendered":"http:\/\/18.198.46.52\/?page_id=9592"},"modified":"2023-03-03T13:04:09","modified_gmt":"2023-03-03T12:04:09","slug":"resurfacing-ablativo-fraccional","status":"publish","type":"page","link":"http:\/\/18.198.46.52\/fr\/servicios\/tratamientos\/resurfacing-ablativo-fraccional\/","title":{"rendered":"Resurfa\u00e7age ablatif fractionn\u00e9"},"content":{"rendered":"<blockquote class=\"wp-block-quote is-layout-flow wp-block-quote-is-layout-flow\"><p>En utilisant la puissance du laser Pixel CO2 ou du laser Erbium, nous obtenons un contr\u00f4le et un dosage uniques de l'effet ablatif qui fournit les meilleurs r\u00e9sultats dans la r\u00e9g\u00e9n\u00e9ration de la peau.<\/p><\/blockquote>\n\n\n\n<h2 class=\"wp-block-heading\"> Comment \u00e7a marche?<\/h2>\n\n\n\n<blockquote class=\"wp-block-quote is-layout-flow wp-block-quote-is-layout-flow\"><p>De mani\u00e8re g\u00e9n\u00e9rale, nous activons la r\u00e9g\u00e9n\u00e9ration de la surface de la peau en cr\u00e9ant une s\u00e9rie de micro-blessures de mani\u00e8re contr\u00f4l\u00e9e avec une source d'\u00e9nergie qui peut \u00eatre un laser erbium ou un laser CO.<sub>2<\/sub>. Une r\u00e9serve de peau non trait\u00e9e est laiss\u00e9e autour de chaque micro-l\u00e9sion pour favoriser une r\u00e9g\u00e9n\u00e9ration cutan\u00e9e rapide.&nbsp;<strong>Ce traitement se caract\u00e9rise par \u00eatre peu invasif puisque la peau r\u00e9cup\u00e8re en 3 \u00e0 5 jours, selon l'agressivit\u00e9 du traitement.<\/strong>&nbsp;&nbsp;<\/p><\/blockquote>\n\n\n\n<div class=\"wp-block-image\"><figure class=\"alignright is-resized\"><img loading=\"lazy\" decoding=\"async\" src=\"http:\/\/shimclinic.es\/wp-content\/uploads\/2020\/11\/Recurso-2@2x.png\" alt=\"\" class=\"wp-image-9519\" width=\"236\" height=\"167\" srcset=\"http:\/\/18.198.46.52\/wp-content\/uploads\/2020\/11\/Recurso-2@2x.png 1685w, http:\/\/18.198.46.52\/wp-content\/uploads\/2020\/11\/Recurso-2@2x-300x212.png 300w, http:\/\/18.198.46.52\/wp-content\/uploads\/2020\/11\/Recurso-2@2x-1024x724.png 1024w, http:\/\/18.198.46.52\/wp-content\/uploads\/2020\/11\/Recurso-2@2x-768x543.png 768w, http:\/\/18.198.46.52\/wp-content\/uploads\/2020\/11\/Recurso-2@2x-1536x1087.png 1536w\" sizes=\"(max-width: 236px) 100vw, 236px\" \/><figcaption>Les nouvelles technologies de SHIM CL\u00cdNIC permettent des traitements doux qui peuvent r\u00e9duire consid\u00e9rablement l'incapacit\u00e9 du patient.<\/figcaption><\/figure><\/div>\n\n\n\n<div class=\"wp-block-group\"><div class=\"wp-block-group__inner-container is-layout-flow wp-block-group-is-layout-flow\">\n<blockquote class=\"wp-block-quote is-layout-flow wp-block-quote-is-layout-flow\"><p>Con este tipo de l\u00e1ser, podemos realizar tratamientos de&nbsp;<strong><em>resurfacing<\/em><\/strong>&nbsp;m\u00ednimamente invasivos, que consisten en regenerar la superficie de la piel, creando una piel nueva libre de imperfecciones como arrugas, cicatrices y lesiones d\u00e9rmicas, entre otras.<\/p><\/blockquote>\n\n\n\n<blockquote class=\"wp-block-quote is-layout-flow wp-block-quote-is-layout-flow\"><p>Le SHIM CL\u00cdNIC Pixel CO2 ouvre la porte \u00e0 de nouvelles possibilit\u00e9s dans les traitements dermatologiques et chirurgicaux qui incluent : k\u00e9ratose, \u00e9lastose solaire et actinique, rhinophyma, papillome cutan\u00e9, bl\u00e9pharoplastie et plus encore. <\/p><\/blockquote>\n<\/div><\/div>\n\n\n\n<h1 class=\"wp-block-heading\"><img loading=\"lazy\" decoding=\"async\" width=\"500\" height=\"291\" class=\"wp-image-9980\" style=\"width: 500px;\" src=\"http:\/\/shimclinic.es\/wp-content\/uploads\/2021\/05\/14225627_900554193384695_589151452207054939_n.jpg\" alt=\"\" srcset=\"http:\/\/18.198.46.52\/wp-content\/uploads\/2021\/05\/14225627_900554193384695_589151452207054939_n.jpg 519w, http:\/\/18.198.46.52\/wp-content\/uploads\/2021\/05\/14225627_900554193384695_589151452207054939_n-300x175.jpg 300w\" sizes=\"(max-width: 500px) 100vw, 500px\" \/><\/h1>\n\n\n\n<p><em>Le<strong>\u00a0Laser CO2 fractionn\u00e9<\/strong>\u00a0Il est approuv\u00e9 CE et FDA et est indiqu\u00e9 dans :<\/em><\/p>\n\n\n\n<ul><li><em>Rajeunissement de la peau<\/em><\/li><li><em>Rides fines et profondes<\/em><\/li><li><em>Vieillissement solaire du visage, du cou, du d\u00e9collet\u00e9 et des mains<\/em><\/li><li><em>Cicatrices d'acn\u00e9<\/em><\/li><li><em>Hyperpigmentation<\/em><\/li><li><em>Cicatrices d'un traumatisme ou d'une intervention chirurgicale<\/em><\/li><li><em>Vergetures<\/em><\/li><\/ul>\n\n\n\n<blockquote class=\"wp-block-quote is-layout-flow wp-block-quote-is-layout-flow\"><p>Demandez votre rendez-vous <strong>diagnostic gratuit<\/strong>. Chez <strong>Shim cl\u00ednic<\/strong>, nous serons heureux de vous aider et de vous conseiller ce qui convient le mieux \u00e0 votre peau.<\/p><\/blockquote>\n\n\n\n<p><\/p>","protected":false},"excerpt":{"rendered":"<p>Usando el poder del l\u00e1ser Pixel CO2 o el l\u00e1ser de Erbio conseguimos un control \u00fanico y una dosificaci\u00f3n del efecto ablativo que proporciona los mejores resultados en la regeneraci\u00f3n cut\u00e1nea. \u00bfC\u00f3mo funciona? En t\u00e9rminos generales, activamos la regeneraci\u00f3n de la superficie de la piel, creando de forma controlada una serie de microheridas con una [&hellip;]<\/p>","protected":false},"author":1,"featured_media":0,"parent":9546,"menu_order":0,"comment_status":"closed","ping_status":"closed","template":"","meta":{"footnotes":""},"_links":{"self":[{"href":"http:\/\/18.198.46.52\/fr\/wp-json\/wp\/v2\/pages\/9592"}],"collection":[{"href":"http:\/\/18.198.46.52\/fr\/wp-json\/wp\/v2\/pages"}],"about":[{"href":"http:\/\/18.198.46.52\/fr\/wp-json\/wp\/v2\/types\/page"}],"author":[{"embeddable":true,"href":"http:\/\/18.198.46.52\/fr\/wp-json\/wp\/v2\/users\/1"}],"replies":[{"embeddable":true,"href":"http:\/\/18.198.46.52\/fr\/wp-json\/wp\/v2\/comments?post=9592"}],"version-history":[{"count":15,"href":"http:\/\/18.198.46.52\/fr\/wp-json\/wp\/v2\/pages\/9592\/revisions"}],"predecessor-version":[{"id":10395,"href":"http:\/\/18.198.46.52\/fr\/wp-json\/wp\/v2\/pages\/9592\/revisions\/10395"}],"up":[{"embeddable":true,"href":"http:\/\/18.198.46.52\/fr\/wp-json\/wp\/v2\/pages\/9546"}],"wp:attachment":[{"href":"http:\/\/18.198.46.52\/fr\/wp-json\/wp\/v2\/media?parent=9592"}],"curies":[{"name":"wp","href":"https:\/\/api.w.org\/{rel}","templated":true}]}}