{"id":9594,"date":"2020-11-24T08:45:09","date_gmt":"2020-11-24T07:45:09","guid":{"rendered":"http:\/\/18.198.46.52\/?page_id=9594"},"modified":"2023-03-03T13:06:13","modified_gmt":"2023-03-03T12:06:13","slug":"peelings-medicos","status":"publish","type":"page","link":"http:\/\/18.198.46.52\/fr\/servicios\/tratamientos\/peelings-medicos\/","title":{"rendered":"peelings m\u00e9dicaux"},"content":{"rendered":"<p>Le peeling chimique est une proc\u00e9dure pratiqu\u00e9e depuis de nombreuses ann\u00e9es pour traiter divers troubles cutan\u00e9s. Son but est la <strong>r\u00e9paration et r\u00e9g\u00e9n\u00e9ration <\/strong>de la peau, en enlevant les couches cutan\u00e9es de la surface vers la profondeur, selon le type de peeling choisi. <\/p>\n\n\n\n<p>Des conditions telles que les dommages caus\u00e9s par l'exposition au soleil, <strong>rides, marques d'acn\u00e9, vergetures et pigmentation in\u00e9gale <\/strong>peuvent \u00eatre trait\u00e9s avec ces techniques <strong>non invasives.<\/strong>Il existe diff\u00e9rentes techniques d'application de peelings chimiques et de m\u00e9dicaments pour le traitement de la peau.<\/p>\n\n\n\n<p>Chez Shim Cl\u00ednic, nous vous proposons le gommage de la marque ATACHE qui peut \u00eatre fait m\u00eame en \u00e9t\u00e9.<\/p>\n\n\n\n<p><\/p>\n\n\n\n<p><\/p>\n\n\n\n<div class=\"wp-block-media-text alignwide has-media-on-the-right is-stacked-on-mobile\"><figure class=\"wp-block-media-text__media\"><img loading=\"lazy\" decoding=\"async\" width=\"660\" height=\"240\" src=\"http:\/\/shimclinic.es\/wp-content\/uploads\/2021\/05\/peeling-1.jpg\" alt=\"\" class=\"wp-image-9995\" srcset=\"http:\/\/18.198.46.52\/wp-content\/uploads\/2021\/05\/peeling-1.jpg 660w, http:\/\/18.198.46.52\/wp-content\/uploads\/2021\/05\/peeling-1-300x109.jpg 300w\" sizes=\"(max-width: 660px) 100vw, 660px\" \/><\/figure><div class=\"wp-block-media-text__content\">\n<blockquote class=\"wp-block-quote is-layout-flow wp-block-quote-is-layout-flow\"><p>Illuminateur de visage.<\/p><p>Anti-acn\u00e9.<\/p><p><em>anti-\u00e2ge<\/em><\/p><\/blockquote>\n\n\n\n<p><\/p>\n<\/div><\/div>\n\n\n\n<p><\/p>\n\n\n\n<p><\/p>\n\n\n\n<p><\/p>\n\n\n\n<div class=\"wp-block-media-text alignwide is-stacked-on-mobile\"><figure class=\"wp-block-media-text__media\"><img loading=\"lazy\" decoding=\"async\" width=\"660\" height=\"240\" src=\"http:\/\/shimclinic.es\/wp-content\/uploads\/2021\/05\/peeling.jpg\" alt=\"\" class=\"wp-image-9991\" srcset=\"http:\/\/18.198.46.52\/wp-content\/uploads\/2021\/05\/peeling.jpg 660w, http:\/\/18.198.46.52\/wp-content\/uploads\/2021\/05\/peeling-300x109.jpg 300w\" sizes=\"(max-width: 660px) 100vw, 660px\" \/><\/figure><div class=\"wp-block-media-text__content\">\n<p><strong>Peelings chimiques m\u00e9dicaux ATACHE.<\/strong><\/p>\n\n\n\n<blockquote class=\"wp-block-quote is-layout-flow wp-block-quote-is-layout-flow\"><p>ils sont des nouveaux <strong>peelings <\/strong>efficaces mais <strong>doux<\/strong>, cela implique que votre peau ne s'irrite pas et ne s'\u00e9caille pas visiblement, mais ces taches brunes sont d\u00e9pigmentantes. ATACHE, c'est la nouvelle d\u00e9couverte avec laquelle nous combinons les soins en duo, en clinique et \u00e0 domicile.<\/p><\/blockquote>\n<\/div><\/div>\n\n\n\n<blockquote class=\"wp-block-quote is-layout-flow wp-block-quote-is-layout-flow\"><p>La gamme Atache Dermic+ propose jusqu'\u00e0 trois types de peeling : un <strong>illuminateur de visage<\/strong>, id\u00e9al pour traiter les imperfections de la peau et donner \u00e0 notre visage un aspect plus clair et plus r\u00e9gulier ; un <strong>anti-acn\u00e9<\/strong>, pour contrecarrer l'effet d'une production excessive de s\u00e9bum sur la peau, \u00e9galement aggrav\u00e9e par l'utilisation du masque ; et un<strong>\u00a0<em>anti-\u00e2ge<\/em><\/strong>, pour corriger les probl\u00e8mes d\u00e9riv\u00e9s du temps comme l'apparition de petites rides d'expression ou le manque d'hydratation du visage.<\/p><\/blockquote>","protected":false},"excerpt":{"rendered":"<p>El peeling qu\u00edmico es un procedimiento que se realiza desde hace muchos a\u00f1os para tratar diversas alteraciones de la piel. Su finalidad es la reparaci\u00f3n y regeneraci\u00f3n de la piel, mediante la eliminaci\u00f3n de las capas cut\u00e1neas desde la superficie a la profundidad, en funci\u00f3n del tipo de peeling elegido. Condiciones como da\u00f1o por exposici\u00f3n [&hellip;]<\/p>","protected":false},"author":1,"featured_media":0,"parent":9546,"menu_order":0,"comment_status":"closed","ping_status":"closed","template":"","meta":{"footnotes":""},"_links":{"self":[{"href":"http:\/\/18.198.46.52\/fr\/wp-json\/wp\/v2\/pages\/9594"}],"collection":[{"href":"http:\/\/18.198.46.52\/fr\/wp-json\/wp\/v2\/pages"}],"about":[{"href":"http:\/\/18.198.46.52\/fr\/wp-json\/wp\/v2\/types\/page"}],"author":[{"embeddable":true,"href":"http:\/\/18.198.46.52\/fr\/wp-json\/wp\/v2\/users\/1"}],"replies":[{"embeddable":true,"href":"http:\/\/18.198.46.52\/fr\/wp-json\/wp\/v2\/comments?post=9594"}],"version-history":[{"count":12,"href":"http:\/\/18.198.46.52\/fr\/wp-json\/wp\/v2\/pages\/9594\/revisions"}],"predecessor-version":[{"id":10396,"href":"http:\/\/18.198.46.52\/fr\/wp-json\/wp\/v2\/pages\/9594\/revisions\/10396"}],"up":[{"embeddable":true,"href":"http:\/\/18.198.46.52\/fr\/wp-json\/wp\/v2\/pages\/9546"}],"wp:attachment":[{"href":"http:\/\/18.198.46.52\/fr\/wp-json\/wp\/v2\/media?parent=9594"}],"curies":[{"name":"wp","href":"https:\/\/api.w.org\/{rel}","templated":true}]}}