{"id":9611,"date":"2020-11-24T08:52:43","date_gmt":"2020-11-24T07:52:43","guid":{"rendered":"http:\/\/18.198.46.52\/?page_id=9611"},"modified":"2021-05-05T18:50:47","modified_gmt":"2021-05-05T16:50:47","slug":"hidratacion-y-redensificacion","status":"publish","type":"page","link":"http:\/\/18.198.46.52\/fr\/servicios\/tratamientos\/hidratacion-y-redensificacion\/","title":{"rendered":"Hydratation et redensification"},"content":{"rendered":"<p>Le <strong>secret <\/strong>de la <strong>jeunesse<\/strong> commence par le <strong>redensification<\/strong>.<\/p>\n\n\n\n<p>La&nbsp;<strong>redensification<\/strong>&nbsp;c'est un&nbsp;<strong>nouveau traitement<\/strong>&nbsp;de rajeunissement du visage sans chirurgie qui <strong>am\u00e9lioration de la texture, de la luminosit\u00e9, de l'\u00e9lasticit\u00e9 et<\/strong> <strong>hydratation<\/strong> de la peau du visage.<\/p>\n\n\n\n<p>Ce nouveau soin du visage rajeunissant \u00e0 l'acide hyaluronique et aux vitamines de <strong>TEOXANE comble et corrige les rides<\/strong>&nbsp;respectant parfaitement l'expression du visage.<\/p>\n\n\n\n<ul><li><strong>Restaure <\/strong>la structure, les volumes et l'hydratation cutan\u00e9e des peaux matures.<\/li><li><strong>Comble<\/strong> les rides, les plis cutan\u00e9s et les cicatrices.<\/li><li><strong>Pr\u00e9vient<\/strong> les rides du visage, du cou et du d\u00e9collet\u00e9 des peaux plus jeunes.<\/li><\/ul>\n\n\n\n<div style=\"height:40px\" aria-hidden=\"true\" class=\"wp-block-spacer\"><\/div>\n\n\n\n<div class=\"wp-block-media-text alignwide is-stacked-on-mobile\"><figure class=\"wp-block-media-text__media\"><img loading=\"lazy\" decoding=\"async\" width=\"400\" height=\"400\" src=\"http:\/\/shimclinic.es\/wp-content\/uploads\/2021\/05\/teoxane.jpg\" alt=\"\" class=\"wp-image-10002\" srcset=\"http:\/\/18.198.46.52\/wp-content\/uploads\/2021\/05\/teoxane.jpg 400w, http:\/\/18.198.46.52\/wp-content\/uploads\/2021\/05\/teoxane-300x300.jpg 300w, http:\/\/18.198.46.52\/wp-content\/uploads\/2021\/05\/teoxane-150x150.jpg 150w\" sizes=\"(max-width: 400px) 100vw, 400px\" \/><\/figure><div class=\"wp-block-media-text__content\">\n<p class=\"has-text-align-right has-large-font-size\">PRODUITS <strong>TEOXANE<\/strong> <\/p>\n\n\n\n<div style=\"height:32px\" aria-hidden=\"true\" class=\"wp-block-spacer\"><\/div>\n\n\n\n<p class=\"has-text-align-right has-large-font-size\">EN<\/p>\n\n\n\n<div style=\"height:42px\" aria-hidden=\"true\" class=\"wp-block-spacer\"><\/div>\n\n\n\n<p class=\"has-text-align-right has-large-font-size\"> <\/p>\n\n\n\n<p class=\"has-text-align-right has-large-font-size\"><strong>SHIM CL\u00cdNIC<\/strong> CEUTA<\/p>\n\n\n\n<p><\/p>\n<\/div><\/div>","protected":false},"excerpt":{"rendered":"<p>El secreto de la juventud empieza por la REDENSIFICACI\u00d3N. La&nbsp;redensificaci\u00f3n&nbsp;es un&nbsp;nuevo tratamiento&nbsp;de rejuvenecimiento facial sin cirug\u00eda que mejora en textura, luminosidad, elasticidad e hidrataci\u00f3n la piel del rostro. Este nuevo tratamiento facial de rejuvenecimiento con \u00e1cido hialur\u00f3nico y vitaminas&nbsp;de TEOXANE rellena y corrige las arrugas&nbsp;respetando perfectamente la expresi\u00f3n del rostro. Restaura la estructura de la [&hellip;]<\/p>","protected":false},"author":1,"featured_media":0,"parent":9546,"menu_order":0,"comment_status":"closed","ping_status":"closed","template":"","meta":{"footnotes":""},"_links":{"self":[{"href":"http:\/\/18.198.46.52\/fr\/wp-json\/wp\/v2\/pages\/9611"}],"collection":[{"href":"http:\/\/18.198.46.52\/fr\/wp-json\/wp\/v2\/pages"}],"about":[{"href":"http:\/\/18.198.46.52\/fr\/wp-json\/wp\/v2\/types\/page"}],"author":[{"embeddable":true,"href":"http:\/\/18.198.46.52\/fr\/wp-json\/wp\/v2\/users\/1"}],"replies":[{"embeddable":true,"href":"http:\/\/18.198.46.52\/fr\/wp-json\/wp\/v2\/comments?post=9611"}],"version-history":[{"count":11,"href":"http:\/\/18.198.46.52\/fr\/wp-json\/wp\/v2\/pages\/9611\/revisions"}],"predecessor-version":[{"id":10093,"href":"http:\/\/18.198.46.52\/fr\/wp-json\/wp\/v2\/pages\/9611\/revisions\/10093"}],"up":[{"embeddable":true,"href":"http:\/\/18.198.46.52\/fr\/wp-json\/wp\/v2\/pages\/9546"}],"wp:attachment":[{"href":"http:\/\/18.198.46.52\/fr\/wp-json\/wp\/v2\/media?parent=9611"}],"curies":[{"name":"wp","href":"https:\/\/api.w.org\/{rel}","templated":true}]}}