{"id":9617,"date":"2020-11-24T09:03:11","date_gmt":"2020-11-24T08:03:11","guid":{"rendered":"http:\/\/18.198.46.52\/?page_id=9617"},"modified":"2021-05-04T18:29:46","modified_gmt":"2021-05-04T16:29:46","slug":"rellenos-de-agarosa","status":"publish","type":"page","link":"http:\/\/18.198.46.52\/fr\/servicios\/tratamientos\/rellenos-de-agarosa\/","title":{"rendered":"Remplisseurs faciaux d'agarose"},"content":{"rendered":"<p><strong>Algeness est un nouveau produit de comblement sous-cutan\u00e9 100% naturel \u00e0 base d'agarose qui est pratiquement indolore, pr\u00e9sente moins de risques d'ecchymoses et ne provoque pas d'inflammation. <\/strong><\/p>\n\n\n\n<p>L'implant de gel d'agarose a \u00e9t\u00e9 brevet\u00e9 aux \u00c9tats-Unis apr\u00e8s avoir \u00e9t\u00e9 soumis \u00e0 une multitude d'analyses cliniques. Ces \u00e9tudes ont confirm\u00e9 qu'il s'agit d'un implant <strong>100% naturel, s\u00fbr, biocompatible et biod\u00e9gradable.<\/strong><\/p>\n\n\n\n<div class=\"wp-block-image\"><figure class=\"aligncenter size-large\"><img loading=\"lazy\" decoding=\"async\" width=\"1024\" height=\"419\" src=\"http:\/\/shimclinic.es\/wp-content\/uploads\/2021\/05\/agarosa-1024x419.jpg\" alt=\"\" class=\"wp-image-10023\" srcset=\"http:\/\/18.198.46.52\/wp-content\/uploads\/2021\/05\/agarosa-1024x419.jpg 1024w, http:\/\/18.198.46.52\/wp-content\/uploads\/2021\/05\/agarosa-300x123.jpg 300w, http:\/\/18.198.46.52\/wp-content\/uploads\/2021\/05\/agarosa-768x314.jpg 768w, http:\/\/18.198.46.52\/wp-content\/uploads\/2021\/05\/agarosa-1536x629.jpg 1536w, http:\/\/18.198.46.52\/wp-content\/uploads\/2021\/05\/agarosa.jpg 2033w\" sizes=\"(max-width: 1024px) 100vw, 1024px\" \/><\/figure><\/div>\n\n\n\n<p>Algeness est un implant dermique qui compense les effets de la gravit\u00e9 et du passage du temps. Il est indiqu\u00e9 pour : <strong>yeux fatigu\u00e9s, menton et m\u00e2choires tombants, lignes de marionnettes, corrections du nez, sillons nasog\u00e9niens, arc zygomatique et arc mandibulaire.<\/strong><\/p>\n\n\n\n<div style=\"height:25px\" aria-hidden=\"true\" class=\"wp-block-spacer\"><\/div>\n\n\n\n<div class=\"wp-block-image\"><figure class=\"aligncenter size-large\"><img loading=\"lazy\" decoding=\"async\" width=\"1024\" height=\"421\" src=\"http:\/\/shimclinic.es\/wp-content\/uploads\/2021\/05\/Algeness-1024x421.jpg\" alt=\"\" class=\"wp-image-10029\" srcset=\"http:\/\/18.198.46.52\/wp-content\/uploads\/2021\/05\/Algeness-1024x421.jpg 1024w, http:\/\/18.198.46.52\/wp-content\/uploads\/2021\/05\/Algeness-300x123.jpg 300w, http:\/\/18.198.46.52\/wp-content\/uploads\/2021\/05\/Algeness-768x316.jpg 768w, http:\/\/18.198.46.52\/wp-content\/uploads\/2021\/05\/Algeness-1536x631.jpg 1536w, http:\/\/18.198.46.52\/wp-content\/uploads\/2021\/05\/Algeness.jpg 1973w\" sizes=\"(max-width: 1024px) 100vw, 1024px\" \/><\/figure><\/div>\n\n\n\n<p>Il s'agit d'un traitement <strong>ambulatoire<\/strong> apr\u00e8s quoi, le patient peut retourner \u00e0 sa <strong>vie normale.<\/strong> Une fois le traitement termin\u00e9, les r\u00e9sultats sont imm\u00e9diatement visibles <strong>.<\/strong> et ils sont totalement <strong>naturels<\/strong>. <\/p>\n\n\n\n<p><\/p>","protected":false},"excerpt":{"rendered":"<p>Algeness es un nuevo relleno subd\u00e9rmico a base de agarosa 100% natural que es pr\u00e1cticamente indoloro, tiene menos riesgo de hematomas y no provoca inflamaci\u00f3n. El implante de gel de agarosa se ha patentado en Estados Unidos tras haber sido sometido a multitud de an\u00e1lisis cl\u00ednicos. Dichos estudios han confirmado que es un implante 100% [&hellip;]<\/p>","protected":false},"author":1,"featured_media":0,"parent":9546,"menu_order":0,"comment_status":"closed","ping_status":"closed","template":"","meta":{"footnotes":""},"_links":{"self":[{"href":"http:\/\/18.198.46.52\/fr\/wp-json\/wp\/v2\/pages\/9617"}],"collection":[{"href":"http:\/\/18.198.46.52\/fr\/wp-json\/wp\/v2\/pages"}],"about":[{"href":"http:\/\/18.198.46.52\/fr\/wp-json\/wp\/v2\/types\/page"}],"author":[{"embeddable":true,"href":"http:\/\/18.198.46.52\/fr\/wp-json\/wp\/v2\/users\/1"}],"replies":[{"embeddable":true,"href":"http:\/\/18.198.46.52\/fr\/wp-json\/wp\/v2\/comments?post=9617"}],"version-history":[{"count":8,"href":"http:\/\/18.198.46.52\/fr\/wp-json\/wp\/v2\/pages\/9617\/revisions"}],"predecessor-version":[{"id":10031,"href":"http:\/\/18.198.46.52\/fr\/wp-json\/wp\/v2\/pages\/9617\/revisions\/10031"}],"up":[{"embeddable":true,"href":"http:\/\/18.198.46.52\/fr\/wp-json\/wp\/v2\/pages\/9546"}],"wp:attachment":[{"href":"http:\/\/18.198.46.52\/fr\/wp-json\/wp\/v2\/media?parent=9617"}],"curies":[{"name":"wp","href":"https:\/\/api.w.org\/{rel}","templated":true}]}}