{"id":9619,"date":"2020-11-24T09:03:47","date_gmt":"2020-11-24T08:03:47","guid":{"rendered":"http:\/\/18.198.46.52\/?page_id=9619"},"modified":"2021-05-04T19:33:02","modified_gmt":"2021-05-04T17:33:02","slug":"hilos-monofilamentosos","status":"publish","type":"page","link":"http:\/\/18.198.46.52\/fr\/servicios\/tratamientos\/hilos-monofilamentosos\/","title":{"rendered":"Fils monofilamenteux et fils de tension"},"content":{"rendered":"<p>Les monofilaments sont des fils intelligents <strong>g\u00e9n\u00e9rateurs de collag\u00e8ne<\/strong>. Sa fonction principale est d'am\u00e9liorer la qualit\u00e9 de la peau <strong>en redensifiant<\/strong><\/p>\n\n\n\n<p>Les fils tenseurs sont une option id\u00e9ale \u00e0 consid\u00e9rer si vous cherchez&nbsp;<strong>\u00e0 rajeunir votre visage.<\/strong>&nbsp;et d'autres zones <strong>du corps <\/strong>avec&nbsp;<strong>un effet lifting<\/strong>&nbsp;dans lequel&nbsp;<strong>le visage est capable de retrouver sa tension<\/strong>&nbsp;et, par cons\u00e9quent, d'obtenir une apparence jeune.<\/p>\n\n\n\n<p>\u00c0 mesure que l'individu vieillit, la peau et les muscles de la r\u00e9gion faciale commencent \u00e0 perdre de leur tonicit\u00e9. L'implantation du fil de tension <strong>stimule la formation de nouveau collag\u00e8ne <\/strong>Am\u00e9liore consid\u00e9rablement les sympt\u00f4mes du vieillissement. <strong>La ride est remplie de son propre collag\u00e8ne<\/strong> et<strong> la r\u00e9affirmation<\/strong> provoqu\u00e9e par les fils en resserrant la peau.<\/p>\n\n\n\n<div style=\"height:32px\" aria-hidden=\"true\" class=\"wp-block-spacer\"><\/div>\n\n\n\n<h2 class=\"wp-block-heading\">L'implantation sous-cutan\u00e9e des fils produit 3 effets sur la peau :<\/h2>\n\n\n\n<div class=\"wp-block-media-text alignwide is-stacked-on-mobile\"><figure class=\"wp-block-media-text__media\"><img loading=\"lazy\" decoding=\"async\" width=\"1024\" height=\"830\" src=\"http:\/\/shimclinic.es\/wp-content\/uploads\/2021\/05\/hilos-1024x830.jpg\" alt=\"\" class=\"wp-image-10034\" srcset=\"http:\/\/18.198.46.52\/wp-content\/uploads\/2021\/05\/hilos-1024x830.jpg 1024w, http:\/\/18.198.46.52\/wp-content\/uploads\/2021\/05\/hilos-300x243.jpg 300w, http:\/\/18.198.46.52\/wp-content\/uploads\/2021\/05\/hilos-768x623.jpg 768w, http:\/\/18.198.46.52\/wp-content\/uploads\/2021\/05\/hilos-1536x1245.jpg 1536w, http:\/\/18.198.46.52\/wp-content\/uploads\/2021\/05\/hilos.jpg 1786w\" sizes=\"(max-width: 1024px) 100vw, 1024px\" \/><\/figure><div class=\"wp-block-media-text__content\">\n<blockquote class=\"wp-block-quote is-layout-flow wp-block-quote-is-layout-flow\"><p>&#8211; <strong>Lifting<\/strong> instantan\u00e9 de la peau gr\u00e2ce \u00e0 <strong>des effets tenseurs m\u00e9caniques.<\/strong>.<\/p><\/blockquote>\n\n\n\n<blockquote class=\"wp-block-quote is-layout-flow wp-block-quote-is-layout-flow\"><p>&#8211; <strong>Renouvellement cellulaire,<\/strong>par stimulation du collag\u00e8ne lui-m\u00eame <strong>et de la n\u00e9ovascularisation,<\/strong>en am\u00e9liorant la texture, les ridules et l'\u00e9lasticit\u00e9 de la peau.<\/p><\/blockquote>\n\n\n\n<blockquote class=\"wp-block-quote is-layout-flow wp-block-quote-is-layout-flow\"><p>&#8211; <strong>\u00c9tirement<\/strong> de la peau, lors de la contraction des tissus adipeux.<\/p><\/blockquote>\n<\/div><\/div>\n\n\n\n<div style=\"height:33px\" aria-hidden=\"true\" class=\"wp-block-spacer\"><\/div>\n\n\n\n<h2 class=\"wp-block-heading\">QUELS SONT LES AVANTAGES DE CE SOIN ?<\/h2>\n\n\n\n<ul><li>R\u00e9duction efficace <strong>la flaccidit\u00e9<\/strong> de la peau.<\/li><li>Am\u00e9liore <strong>l'apparence et la texture.<\/strong><\/li><li>Augmente la production <strong>de collag\u00e8ne et d'\u00e9lastine.<\/strong>.<\/li><li>Les fils agissent imm\u00e9diatement. De plus, au fur et \u00e0 mesure qu'elle commence \u00e0 les absorber, la peau am\u00e9liorera de plus en plus son apparence, garantissant ainsi le maintien des r\u00e9sultats dans le temps.<\/li><li>Les fils sont un traitement qui <strong>ne produit pas de douleur et est peu invasif.<\/strong>.<\/li><li>La r\u00e9cup\u00e9ration est minime et <strong>permet un retour rapide aux activit\u00e9s quotidiennes.<\/strong><\/li><\/ul>\n\n\n\n<p><\/p>","protected":false},"excerpt":{"rendered":"<p>Los mono son hilos inteligentes generadores de col\u00e1geno. Su funci\u00f3n principal es mejorar la calidad de la piel mediante la redensificaci\u00f3n. Los hilos tensores son una opci\u00f3n ideal a considerar si se busca&nbsp;rejuvenecer la cara&nbsp;y otras&nbsp;zonas del cuerpo con un&nbsp;efecto de lifting&nbsp;en el que se consigue que el&nbsp;rostro recupere su tensi\u00f3n&nbsp;y por tanto obtenga un [&hellip;]<\/p>","protected":false},"author":1,"featured_media":0,"parent":9546,"menu_order":0,"comment_status":"closed","ping_status":"closed","template":"","meta":{"footnotes":""},"_links":{"self":[{"href":"http:\/\/18.198.46.52\/fr\/wp-json\/wp\/v2\/pages\/9619"}],"collection":[{"href":"http:\/\/18.198.46.52\/fr\/wp-json\/wp\/v2\/pages"}],"about":[{"href":"http:\/\/18.198.46.52\/fr\/wp-json\/wp\/v2\/types\/page"}],"author":[{"embeddable":true,"href":"http:\/\/18.198.46.52\/fr\/wp-json\/wp\/v2\/users\/1"}],"replies":[{"embeddable":true,"href":"http:\/\/18.198.46.52\/fr\/wp-json\/wp\/v2\/comments?post=9619"}],"version-history":[{"count":6,"href":"http:\/\/18.198.46.52\/fr\/wp-json\/wp\/v2\/pages\/9619\/revisions"}],"predecessor-version":[{"id":10037,"href":"http:\/\/18.198.46.52\/fr\/wp-json\/wp\/v2\/pages\/9619\/revisions\/10037"}],"up":[{"embeddable":true,"href":"http:\/\/18.198.46.52\/fr\/wp-json\/wp\/v2\/pages\/9546"}],"wp:attachment":[{"href":"http:\/\/18.198.46.52\/fr\/wp-json\/wp\/v2\/media?parent=9619"}],"curies":[{"name":"wp","href":"https:\/\/api.w.org\/{rel}","templated":true}]}}