{"id":9621,"date":"2020-11-24T09:04:17","date_gmt":"2020-11-24T08:04:17","guid":{"rendered":"http:\/\/18.198.46.52\/?page_id=9621"},"modified":"2023-03-03T13:26:52","modified_gmt":"2023-03-03T12:26:52","slug":"mesoterapia","status":"publish","type":"page","link":"http:\/\/18.198.46.52\/fr\/servicios\/tratamientos\/mesoterapia\/","title":{"rendered":"M\u00e9soth\u00e9rapie"},"content":{"rendered":"<p>La m\u00e9soth\u00e9rapie ou intradermoth\u00e9rapie consiste en l'infiltration intradermique (m\u00e9soderme) de diff\u00e9rents types de m\u00e9dicaments, selon l'effet recherch\u00e9.<\/p>\n\n\n\n<p>Pour traiter la <strong>cellulite<\/strong>l'administration r\u00e9p\u00e9t\u00e9e de faibles doses de m\u00e9dicaments hom\u00e9opathiques par micro-injections \u00e0 un niveau intradermique superficiel, agit dans la zone o\u00f9 elle s'est d\u00e9pos\u00e9e o\u00f9 elle demeure longtemps.<\/p>\n\n\n\n<p>La m\u00e9soth\u00e9rapie aide \u00e0 lutter contre la<strong><em> cellulite, la flaccidit\u00e9 et les graisses localis\u00e9es<\/em><\/strong> car elle facilite la<strong>\u00a0lib\u00e9ration et la combustion des graisses localis\u00e9es\u00a0<\/strong>ainsi que <strong>l'oxyg\u00e9nation<\/strong> de la peau. <\/p>\n\n\n\n<p>Il est tr\u00e8s positif de combiner la m\u00e9soth\u00e9rapie avec d'autres traitements corporels puisque nous pourrons am\u00e9liorer ses r\u00e9sultats, cependant, ce sera notre \u00e9quipe m\u00e9dicale qui vous conseillera sur le ou les traitements avec lesquels vous obtiendrez les meilleurs r\u00e9sultats.<\/p>\n\n\n\n<p>Cette technique s'utilise aussi<strong> sur le visage<\/strong> pour hydrater, nourrir et raffermir la peau.<\/p>\n\n\n\n<p><\/p>","protected":false},"excerpt":{"rendered":"<p>La mesoterapia o intradermoterapia consiste en la infiltraci\u00f3n intrad\u00e9rmica (mesodermo) de distintos tipos de f\u00e1rmacos, seg\u00fan el efecto buscado. Para tratar la celulitis, la administraci\u00f3n repetida de bajas dosis de medicamentos homeop\u00e1ticos mediante microinyecciones a nivel intrad\u00e9rmico superficial, act\u00faa en la zona donde se ha depositado donde permanece largo tiempo. La mesoterapia ayuda a combatir [&hellip;]<\/p>","protected":false},"author":1,"featured_media":0,"parent":9546,"menu_order":0,"comment_status":"closed","ping_status":"closed","template":"","meta":{"footnotes":""},"_links":{"self":[{"href":"http:\/\/18.198.46.52\/fr\/wp-json\/wp\/v2\/pages\/9621"}],"collection":[{"href":"http:\/\/18.198.46.52\/fr\/wp-json\/wp\/v2\/pages"}],"about":[{"href":"http:\/\/18.198.46.52\/fr\/wp-json\/wp\/v2\/types\/page"}],"author":[{"embeddable":true,"href":"http:\/\/18.198.46.52\/fr\/wp-json\/wp\/v2\/users\/1"}],"replies":[{"embeddable":true,"href":"http:\/\/18.198.46.52\/fr\/wp-json\/wp\/v2\/comments?post=9621"}],"version-history":[{"count":3,"href":"http:\/\/18.198.46.52\/fr\/wp-json\/wp\/v2\/pages\/9621\/revisions"}],"predecessor-version":[{"id":10397,"href":"http:\/\/18.198.46.52\/fr\/wp-json\/wp\/v2\/pages\/9621\/revisions\/10397"}],"up":[{"embeddable":true,"href":"http:\/\/18.198.46.52\/fr\/wp-json\/wp\/v2\/pages\/9546"}],"wp:attachment":[{"href":"http:\/\/18.198.46.52\/fr\/wp-json\/wp\/v2\/media?parent=9621"}],"curies":[{"name":"wp","href":"https:\/\/api.w.org\/{rel}","templated":true}]}}