{"id":9623,"date":"2020-11-24T09:04:27","date_gmt":"2020-11-24T08:04:27","guid":{"rendered":"http:\/\/18.198.46.52\/?page_id=9623"},"modified":"2023-01-31T12:19:45","modified_gmt":"2023-01-31T11:19:45","slug":"total-face","status":"publish","type":"page","link":"http:\/\/18.198.46.52\/fr\/servicios\/tratamientos\/total-face\/","title":{"rendered":"Full face"},"content":{"rendered":"<p><strong>Savez-vous ce qu'est un total face ou full face ?<\/strong><\/p>\n\n\n\n<p>Au Centre M\u00e9dical Esth\u00e9tique Shim Cl\u00ednic, <strong>un Total Face<\/strong>&nbsp;est un traitement de M\u00e9decine Esth\u00e9tique qui apporte une solution aux 3 principaux signes du vieillissement : les rides, la flaccidit\u00e9 et la perte de volume.<\/p>\n\n\n\n<p>Il s'agit d'un traitement enti\u00e8rement personnalis\u00e9 qui n\u00e9cessite une \u00e9tude et une \u00e9valuation pr\u00e9alables pour identifier l'ensemble des proc\u00e9dures destin\u00e9es \u00e0 obtenir <strong>un rajeunissement complet du visage sans chirurgie.<\/strong><\/p>\n\n\n\n<p>Que voulons-nous r\u00e9aliser ?<\/p>\n\n\n\n<ul><li>Rajeunir<\/li><li>Harmoniser et embellir les traits du visage<\/li><li>Redensifier la peau et \u00e9liminer les rides<\/li><\/ul>\n\n\n\n<p>Pour plus d'informations et une \u00e9tude d'\u00e9valuation gratuite et sans engagement, rendez-vous \u00e0 SHIM CL\u00cdNIC, votre Centre M\u00e9dical Esth\u00e9tique.<\/p>\n\n\n\n<p><a>Calle Galea, 6. \u00c0 c\u00f4t\u00e9 des bains arabes <strong>951 41 00 63<\/strong><\/a><\/p>","protected":false},"excerpt":{"rendered":"<p>\u00bfSabes qu\u00e9 es un total face o full face? En el Centro M\u00e9dico Est\u00e9tico Shim Cl\u00ednic, un Total Face&nbsp;es un tratamiento de Medicina Est\u00e9tica&nbsp;que&nbsp;permite dar soluci\u00f3n a los 3 principales signos del envejecimiento: arrugas, flacidez y p\u00e9rdidas de volumen. Es un tratamiento totalmente personalizado\u00a0\u00a0que requiere de un estudio y valoraci\u00f3n previos para identificar el conjunto [&hellip;]<\/p>","protected":false},"author":1,"featured_media":0,"parent":9546,"menu_order":0,"comment_status":"closed","ping_status":"closed","template":"","meta":{"footnotes":""},"_links":{"self":[{"href":"http:\/\/18.198.46.52\/fr\/wp-json\/wp\/v2\/pages\/9623"}],"collection":[{"href":"http:\/\/18.198.46.52\/fr\/wp-json\/wp\/v2\/pages"}],"about":[{"href":"http:\/\/18.198.46.52\/fr\/wp-json\/wp\/v2\/types\/page"}],"author":[{"embeddable":true,"href":"http:\/\/18.198.46.52\/fr\/wp-json\/wp\/v2\/users\/1"}],"replies":[{"embeddable":true,"href":"http:\/\/18.198.46.52\/fr\/wp-json\/wp\/v2\/comments?post=9623"}],"version-history":[{"count":4,"href":"http:\/\/18.198.46.52\/fr\/wp-json\/wp\/v2\/pages\/9623\/revisions"}],"predecessor-version":[{"id":10305,"href":"http:\/\/18.198.46.52\/fr\/wp-json\/wp\/v2\/pages\/9623\/revisions\/10305"}],"up":[{"embeddable":true,"href":"http:\/\/18.198.46.52\/fr\/wp-json\/wp\/v2\/pages\/9546"}],"wp:attachment":[{"href":"http:\/\/18.198.46.52\/fr\/wp-json\/wp\/v2\/media?parent=9623"}],"curies":[{"name":"wp","href":"https:\/\/api.w.org\/{rel}","templated":true}]}}