{"id":9629,"date":"2020-11-24T09:06:26","date_gmt":"2020-11-24T08:06:26","guid":{"rendered":"http:\/\/18.198.46.52\/?page_id=9629"},"modified":"2021-05-07T19:45:58","modified_gmt":"2021-05-07T17:45:58","slug":"harmony-xl-pro-de-alma","status":"publish","type":"page","link":"http:\/\/18.198.46.52\/fr\/servicios\/aparatologia\/harmony-xl-pro-de-alma\/","title":{"rendered":"Harmony XL Pro de Alma"},"content":{"rendered":"<div class=\"vc_row wpb_row vc_row-fluid\"><div class=\"wpb_column vc_column_container vc_col-sm-6\"><div class=\"vc_column-inner\"><div class=\"wpb_wrapper\">\n\t<div class=\"wpb_text_column wpb_content_element\" >\n\t\t<div class=\"wpb_wrapper\">\n\t\t\t<p>Plateforme multi-applications lumi\u00e8re et laser con\u00e7ue pour r\u00e9pondre \u00e0 une grande vari\u00e9t\u00e9 d'indications m\u00e9dicales, esth\u00e9tiques et dermatologiques.<\/p>\n<p>Harmony XL Pro est compos\u00e9 d'une s\u00e9rie de modules qui permettent de travailler ensemble ou isol\u00e9ment avec diff\u00e9rents types de lumi\u00e8re et de lasers, traitant ainsi un large \u00e9ventail de besoins m\u00e9dico-esth\u00e9tique<\/p>\n\n\t\t<\/div>\n\t<\/div>\n<div class='text-with-icon'><span class='icon icon-linked'> <\/span><a title='VOIR VID\u00c9O' target='_self' href='https:\/\/youtu.be\/0H81h5vqs4A'>VOIR VID\u00c9O<\/a><\/div><\/div><\/div><\/div><div class=\"wpb_column vc_column_container vc_col-sm-6\"><div class=\"vc_column-inner\"><div class=\"wpb_wrapper\">\n\t<div class=\"wpb_text_column wpb_content_element\" >\n\t\t<div class=\"wpb_wrapper\">\n\t\t\t<p><img loading=\"lazy\" decoding=\"async\" width=\"851\" height=\"315\" class=\"wp-image-9822\" src=\"http:\/\/shimclinic.es\/wp-content\/uploads\/2020\/12\/007_harmony_FB_cover.jpg\" alt=\"\" srcset=\"http:\/\/18.198.46.52\/wp-content\/uploads\/2020\/12\/007_harmony_FB_cover.jpg 851w, http:\/\/18.198.46.52\/wp-content\/uploads\/2020\/12\/007_harmony_FB_cover-300x111.jpg 300w, http:\/\/18.198.46.52\/wp-content\/uploads\/2020\/12\/007_harmony_FB_cover-768x284.jpg 768w\" sizes=\"(max-width: 851px) 100vw, 851px\" \/><\/p>\n\n\t\t<\/div>\n\t<\/div>\n<\/div><\/div><\/div><\/div>","protected":false},"excerpt":{"rendered":"Plataforma multi aplicaci\u00f3n luz y l\u00e1ser dise\u00f1ada para dar respuesta a una gran variedad de indicaciones m\u00e9dico est\u00e9ticas y dermatol\u00f3gicas. Harmony XL Pro est\u00e1 compuesta por una serie de m\u00f3dulos que permiten trabajar conjuntamente o de forma aislada con distintos tipos de luz y l\u00e1ser, tratando as\u00ed un amplio abanico de necesidades m\u00e9dico-est\u00e9ticas. VER V\u00cdDEO","protected":false},"author":1,"featured_media":0,"parent":9625,"menu_order":0,"comment_status":"closed","ping_status":"closed","template":"","meta":{"footnotes":""},"_links":{"self":[{"href":"http:\/\/18.198.46.52\/fr\/wp-json\/wp\/v2\/pages\/9629"}],"collection":[{"href":"http:\/\/18.198.46.52\/fr\/wp-json\/wp\/v2\/pages"}],"about":[{"href":"http:\/\/18.198.46.52\/fr\/wp-json\/wp\/v2\/types\/page"}],"author":[{"embeddable":true,"href":"http:\/\/18.198.46.52\/fr\/wp-json\/wp\/v2\/users\/1"}],"replies":[{"embeddable":true,"href":"http:\/\/18.198.46.52\/fr\/wp-json\/wp\/v2\/comments?post=9629"}],"version-history":[{"count":14,"href":"http:\/\/18.198.46.52\/fr\/wp-json\/wp\/v2\/pages\/9629\/revisions"}],"predecessor-version":[{"id":10116,"href":"http:\/\/18.198.46.52\/fr\/wp-json\/wp\/v2\/pages\/9629\/revisions\/10116"}],"up":[{"embeddable":true,"href":"http:\/\/18.198.46.52\/fr\/wp-json\/wp\/v2\/pages\/9625"}],"wp:attachment":[{"href":"http:\/\/18.198.46.52\/fr\/wp-json\/wp\/v2\/media?parent=9629"}],"curies":[{"name":"wp","href":"https:\/\/api.w.org\/{rel}","templated":true}]}}