{"id":9637,"date":"2020-11-24T09:08:00","date_gmt":"2020-11-24T08:08:00","guid":{"rendered":"http:\/\/18.198.46.52\/?page_id=9637"},"modified":"2020-12-04T01:04:39","modified_gmt":"2020-12-04T00:04:39","slug":"vectra-h2-de-irradia","status":"publish","type":"page","link":"http:\/\/18.198.46.52\/fr\/servicios\/aparatologia\/vectra-h2-de-irradia\/","title":{"rendered":"Vectra H2 de Irradia"},"content":{"rendered":"<div class=\"vc_row wpb_row vc_row-fluid\"><div class=\"wpb_column vc_column_container vc_col-sm-6\"><div class=\"vc_column-inner\"><div class=\"wpb_wrapper\">\n\t<div class=\"wpb_text_column wpb_content_element\" >\n\t\t<div class=\"wpb_wrapper\">\n\t\t\t<p>VECTRA\u00aeH2 offre une solution d'imagerie 3D l\u00e9g\u00e8re, portable et tout-en-un, id\u00e9ale pour l'esth\u00e9tique du visage et du corps. Il offre une optique de pr\u00e9cision pour des images 3D haute r\u00e9solution.<\/p>\n\n\t\t<\/div>\n\t<\/div>\n<div class='text-with-icon'><span class='icon icon-linked'> <\/span><a title='Plus d&#039;informations' target=' _blank' href='https:\/\/www.adisat.com\/vectra\/index.html'>Plus d'informations<\/a><\/div><\/div><\/div><\/div><div class=\"wpb_column vc_column_container vc_col-sm-6\"><div class=\"vc_column-inner\"><div class=\"wpb_wrapper\">\n\t<div class=\"wpb_text_column wpb_content_element\" >\n\t\t<div class=\"wpb_wrapper\">\n\t\t\t<p><img loading=\"lazy\" decoding=\"async\" width=\"1024\" height=\"1024\" class=\"wp-image-9847\" src=\"http:\/\/shimclinic.es\/wp-content\/uploads\/2020\/12\/thumbnail-1024x1024.jpeg\" alt=\"\" srcset=\"http:\/\/18.198.46.52\/wp-content\/uploads\/2020\/12\/thumbnail-1024x1024.jpeg 1024w, http:\/\/18.198.46.52\/wp-content\/uploads\/2020\/12\/thumbnail-300x300.jpeg 300w, http:\/\/18.198.46.52\/wp-content\/uploads\/2020\/12\/thumbnail-150x150.jpeg 150w, http:\/\/18.198.46.52\/wp-content\/uploads\/2020\/12\/thumbnail-768x768.jpeg 768w, http:\/\/18.198.46.52\/wp-content\/uploads\/2020\/12\/thumbnail.jpeg 1080w\" sizes=\"(max-width: 1024px) 100vw, 1024px\" \/><\/p>\n\n\t\t<\/div>\n\t<\/div>\n<\/div><\/div><\/div><\/div>","protected":false},"excerpt":{"rendered":"VECTRA\u00aeH2 ofrece una soluci\u00f3n de im\u00e1genes en 3D ligera, port\u00e1til todo en uno, ideal para la est\u00e9tica facial y corporal. Ofrece \u00f3pticas de precisi\u00f3n para im\u00e1genes 3D de alta resoluci\u00f3n. M\u00e1s informaci\u00f3n","protected":false},"author":1,"featured_media":0,"parent":9625,"menu_order":0,"comment_status":"closed","ping_status":"closed","template":"","meta":{"footnotes":""},"_links":{"self":[{"href":"http:\/\/18.198.46.52\/fr\/wp-json\/wp\/v2\/pages\/9637"}],"collection":[{"href":"http:\/\/18.198.46.52\/fr\/wp-json\/wp\/v2\/pages"}],"about":[{"href":"http:\/\/18.198.46.52\/fr\/wp-json\/wp\/v2\/types\/page"}],"author":[{"embeddable":true,"href":"http:\/\/18.198.46.52\/fr\/wp-json\/wp\/v2\/users\/1"}],"replies":[{"embeddable":true,"href":"http:\/\/18.198.46.52\/fr\/wp-json\/wp\/v2\/comments?post=9637"}],"version-history":[{"count":11,"href":"http:\/\/18.198.46.52\/fr\/wp-json\/wp\/v2\/pages\/9637\/revisions"}],"predecessor-version":[{"id":9870,"href":"http:\/\/18.198.46.52\/fr\/wp-json\/wp\/v2\/pages\/9637\/revisions\/9870"}],"up":[{"embeddable":true,"href":"http:\/\/18.198.46.52\/fr\/wp-json\/wp\/v2\/pages\/9625"}],"wp:attachment":[{"href":"http:\/\/18.198.46.52\/fr\/wp-json\/wp\/v2\/media?parent=9637"}],"curies":[{"name":"wp","href":"https:\/\/api.w.org\/{rel}","templated":true}]}}